{"id":1919,"date":"2025-10-17T08:16:47","date_gmt":"2025-10-17T08:16:47","guid":{"rendered":"https:\/\/kivanccam.com.tr\/?page_id=1919"},"modified":"2025-10-20T14:37:39","modified_gmt":"2025-10-20T11:37:39","slug":"complete-balcony-systems","status":"publish","type":"page","link":"https:\/\/kivanccam.com.tr\/en\/albert-genau\/complete-balcony-systems\/","title":{"rendered":"Complete Balcony Systems"},"content":{"rendered":"\t\t<div data-elementor-type=\"wp-page\" data-elementor-id=\"1919\" class=\"elementor elementor-1919\" data-elementor-settings=\"{&quot;element_pack_global_tooltip_width&quot;:{&quot;unit&quot;:&quot;px&quot;,&quot;size&quot;:&quot;&quot;,&quot;sizes&quot;:[]},&quot;element_pack_global_tooltip_width_tablet&quot;:{&quot;unit&quot;:&quot;px&quot;,&quot;size&quot;:&quot;&quot;,&quot;sizes&quot;:[]},&quot;element_pack_global_tooltip_width_mobile&quot;:{&quot;unit&quot;:&quot;px&quot;,&quot;size&quot;:&quot;&quot;,&quot;sizes&quot;:[]},&quot;element_pack_global_tooltip_padding&quot;:{&quot;unit&quot;:&quot;px&quot;,&quot;top&quot;:&quot;&quot;,&quot;right&quot;:&quot;&quot;,&quot;bottom&quot;:&quot;&quot;,&quot;left&quot;:&quot;&quot;,&quot;isLinked&quot;:true},&quot;element_pack_global_tooltip_padding_tablet&quot;:{&quot;unit&quot;:&quot;px&quot;,&quot;top&quot;:&quot;&quot;,&quot;right&quot;:&quot;&quot;,&quot;bottom&quot;:&quot;&quot;,&quot;left&quot;:&quot;&quot;,&quot;isLinked&quot;:true},&quot;element_pack_global_tooltip_padding_mobile&quot;:{&quot;unit&quot;:&quot;px&quot;,&quot;top&quot;:&quot;&quot;,&quot;right&quot;:&quot;&quot;,&quot;bottom&quot;:&quot;&quot;,&quot;left&quot;:&quot;&quot;,&quot;isLinked&quot;:true},&quot;element_pack_global_tooltip_border_radius&quot;:{&quot;unit&quot;:&quot;px&quot;,&quot;top&quot;:&quot;&quot;,&quot;right&quot;:&quot;&quot;,&quot;bottom&quot;:&quot;&quot;,&quot;left&quot;:&quot;&quot;,&quot;isLinked&quot;:true},&quot;element_pack_global_tooltip_border_radius_tablet&quot;:{&quot;unit&quot;:&quot;px&quot;,&quot;top&quot;:&quot;&quot;,&quot;right&quot;:&quot;&quot;,&quot;bottom&quot;:&quot;&quot;,&quot;left&quot;:&quot;&quot;,&quot;isLinked&quot;:true},&quot;element_pack_global_tooltip_border_radius_mobile&quot;:{&quot;unit&quot;:&quot;px&quot;,&quot;top&quot;:&quot;&quot;,&quot;right&quot;:&quot;&quot;,&quot;bottom&quot;:&quot;&quot;,&quot;left&quot;:&quot;&quot;,&quot;isLinked&quot;:true}}\" data-elementor-post-type=\"page\">\n\t\t\t\t\t\t<section class=\"elementor-section elementor-top-section elementor-element elementor-element-199aebc7 elementor-section-full_width elementor-section-height-default elementor-section-height-default\" data-id=\"199aebc7\" data-element_type=\"section\" data-settings=\"{&quot;background_background&quot;:&quot;classic&quot;}\">\n\t\t\t\t\t\t\t<div class=\"elementor-background-overlay\"><\/div>\n\t\t\t\t\t\t\t<div class=\"elementor-container elementor-column-gap-default\">\n\t\t\t\t\t<div class=\"elementor-column elementor-col-100 elementor-top-column elementor-element elementor-element-23f1f209\" data-id=\"23f1f209\" data-element_type=\"column\">\n\t\t\t<div class=\"elementor-widget-wrap elementor-element-populated\">\n\t\t\t\t\t\t<div class=\"elementor-element elementor-element-58461596 elementor-widget elementor-widget-heading\" data-id=\"58461596\" data-element_type=\"widget\" data-widget_type=\"heading.default\">\n\t\t\t\t\t<h2 class=\"elementor-heading-title elementor-size-default\">Complete Balcony Systems<\/h2>\t\t\t\t<\/div>\n\t\t\t\t<div class=\"elementor-element elementor-element-1c736a6 elementor-icon-list--layout-inline elementor-align-center elementor-list-item-link-full_width elementor-widget elementor-widget-icon-list\" data-id=\"1c736a6\" data-element_type=\"widget\" data-widget_type=\"icon-list.default\">\n\t\t\t\t\t\t\t<ul class=\"elementor-icon-list-items elementor-inline-items\">\n\t\t\t\t\t\t\t<li class=\"elementor-icon-list-item elementor-inline-item\">\n\t\t\t\t\t\t\t\t\t\t\t<a href=\"https:\/\/kivanccam.com.tr\/en\/\">\n\n\t\t\t\t\t\t\t\t\t\t\t<span class=\"elementor-icon-list-text\">Home<\/span>\n\t\t\t\t\t\t\t\t\t\t\t<\/a>\n\t\t\t\t\t\t\t\t\t<\/li>\n\t\t\t\t\t\t\t\t<li class=\"elementor-icon-list-item elementor-inline-item\">\n\t\t\t\t\t\t\t\t\t\t\t<span class=\"elementor-icon-list-icon\">\n\t\t\t\t\t\t\t<svg aria-hidden=\"true\" class=\"e-font-icon-svg e-fas-angle-double-right\" viewBox=\"0 0 448 512\" xmlns=\"http:\/\/www.w3.org\/2000\/svg\"><path d=\"M224.3 273l-136 136c-9.4 9.4-24.6 9.4-33.9 0l-22.6-22.6c-9.4-9.4-9.4-24.6 0-33.9l96.4-96.4-96.4-96.4c-9.4-9.4-9.4-24.6 0-33.9L54.3 103c9.4-9.4 24.6-9.4 33.9 0l136 136c9.5 9.4 9.5 24.6.1 34zm192-34l-136-136c-9.4-9.4-24.6-9.4-33.9 0l-22.6 22.6c-9.4 9.4-9.4 24.6 0 33.9l96.4 96.4-96.4 96.4c-9.4 9.4-9.4 24.6 0 33.9l22.6 22.6c9.4 9.4 24.6 9.4 33.9 0l136-136c9.4-9.2 9.4-24.4 0-33.8z\"><\/path><\/svg>\t\t\t\t\t\t<\/span>\n\t\t\t\t\t\t\t\t\t\t<span class=\"elementor-icon-list-text\"><\/span>\n\t\t\t\t\t\t\t\t\t<\/li>\n\t\t\t\t\t\t\t\t<li class=\"elementor-icon-list-item elementor-inline-item\">\n\t\t\t\t\t\t\t\t\t\t\t<a href=\"https:\/\/kivanccam.com.tr\/en\/albert-genau\/complete-balcony-systems\/\">\n\n\t\t\t\t\t\t\t\t\t\t\t<span class=\"elementor-icon-list-text\">Complete Balcony Systems<\/span>\n\t\t\t\t\t\t\t\t\t\t\t<\/a>\n\t\t\t\t\t\t\t\t\t<\/li>\n\t\t\t\t\t\t<\/ul>\n\t\t\t\t\t\t<\/div>\n\t\t\t\t\t<\/div>\n\t\t<\/div>\n\t\t\t\t\t<\/div>\n\t\t<\/section>\n\t\t<div class=\"elementor-element elementor-element-47bb85e0 e-flex e-con-boxed e-con e-parent\" data-id=\"47bb85e0\" data-element_type=\"container\" data-settings=\"{&quot;background_background&quot;:&quot;classic&quot;}\">\n\t\t\t\t\t<div class=\"e-con-inner\">\n\t\t\t\t<div class=\"elementor-element elementor-element-f6436e6 bdt-ep-shadow-mode-yes elementor-widget__width-initial elementor-widget elementor-widget-bdt-marquee\" data-id=\"f6436e6\" data-element_type=\"widget\" data-settings=\"{&quot;marquee_type_text&quot;:[{&quot;marquee_content&quot;:&quot;\\u272e\\u22c6\\u02d9 Folding Glass Balcony&quot;,&quot;_id&quot;:&quot;b5b9ead&quot;,&quot;marquee_link&quot;:{&quot;url&quot;:&quot;&quot;,&quot;is_external&quot;:true,&quot;nofollow&quot;:true,&quot;custom_attributes&quot;:&quot;&quot;},&quot;marquee_color&quot;:&quot;&quot;,&quot;marquee_bg_color&quot;:&quot;&quot;},{&quot;marquee_content&quot;:&quot;\\u272e\\u22c6\\u02d9 Complete Balcony Systems&quot;,&quot;_id&quot;:&quot;d34a076&quot;,&quot;marquee_link&quot;:{&quot;url&quot;:&quot;&quot;,&quot;is_external&quot;:true,&quot;nofollow&quot;:true,&quot;custom_attributes&quot;:&quot;&quot;},&quot;marquee_color&quot;:&quot;&quot;,&quot;marquee_bg_color&quot;:&quot;&quot;},{&quot;marquee_content&quot;:&quot;\\u272e\\u22c6\\u02d9 Sliding Glass Balcony&quot;,&quot;_id&quot;:&quot;53478b4&quot;,&quot;marquee_link&quot;:{&quot;url&quot;:&quot;&quot;,&quot;is_external&quot;:true,&quot;nofollow&quot;:true,&quot;custom_attributes&quot;:&quot;&quot;},&quot;marquee_color&quot;:&quot;&quot;,&quot;marquee_bg_color&quot;:&quot;&quot;},{&quot;marquee_content&quot;:&quot;\\u272e\\u22c6\\u02d9 AirFlex Wind Deflector System&quot;,&quot;_id&quot;:&quot;5fd60d4&quot;,&quot;marquee_link&quot;:{&quot;url&quot;:&quot;&quot;,&quot;is_external&quot;:true,&quot;nofollow&quot;:true,&quot;custom_attributes&quot;:&quot;&quot;},&quot;marquee_color&quot;:&quot;&quot;,&quot;marquee_bg_color&quot;:&quot;&quot;},{&quot;marquee_content&quot;:&quot;\\u272e\\u22c6\\u02d9 Bioclimatic Pergola Systems&quot;,&quot;_id&quot;:&quot;f202bd4&quot;,&quot;marquee_link&quot;:{&quot;url&quot;:&quot;&quot;,&quot;is_external&quot;:true,&quot;nofollow&quot;:true,&quot;custom_attributes&quot;:&quot;&quot;},&quot;marquee_color&quot;:&quot;&quot;,&quot;marquee_bg_color&quot;:&quot;&quot;},{&quot;marquee_content&quot;:&quot;\\u272e\\u22c6\\u02d9 Winter Garden Systems&quot;,&quot;_id&quot;:&quot;9b2494c&quot;,&quot;marquee_link&quot;:{&quot;url&quot;:&quot;&quot;,&quot;is_external&quot;:true,&quot;nofollow&quot;:true,&quot;custom_attributes&quot;:&quot;&quot;},&quot;marquee_color&quot;:&quot;&quot;,&quot;marquee_bg_color&quot;:&quot;&quot;},{&quot;marquee_content&quot;:&quot;\\u272e\\u22c6\\u02d9 Vertiflex Guillotine Glass Balcony System&quot;,&quot;_id&quot;:&quot;a89b179&quot;,&quot;marquee_link&quot;:{&quot;url&quot;:&quot;&quot;,&quot;is_external&quot;:true,&quot;nofollow&quot;:true,&quot;custom_attributes&quot;:&quot;&quot;},&quot;marquee_color&quot;:&quot;&quot;,&quot;marquee_bg_color&quot;:&quot;&quot;},{&quot;marquee_content&quot;:&quot;\\u272e\\u22c6\\u02d9 Movable Glass Systems&quot;,&quot;_id&quot;:&quot;40803eb&quot;,&quot;marquee_link&quot;:{&quot;url&quot;:&quot;&quot;,&quot;is_external&quot;:true,&quot;nofollow&quot;:true,&quot;custom_attributes&quot;:&quot;&quot;},&quot;marquee_color&quot;:&quot;&quot;,&quot;marquee_bg_color&quot;:&quot;&quot;},{&quot;marquee_content&quot;:&quot;\\u272e\\u22c6\\u02d9 Balustrade Railing Systems&quot;,&quot;_id&quot;:&quot;9d07c7a&quot;,&quot;marquee_link&quot;:{&quot;url&quot;:&quot;&quot;,&quot;is_external&quot;:true,&quot;nofollow&quot;:true,&quot;custom_attributes&quot;:&quot;&quot;},&quot;marquee_color&quot;:&quot;&quot;,&quot;marquee_bg_color&quot;:&quot;&quot;}],&quot;marquee_item_spacing&quot;:{&quot;unit&quot;:&quot;px&quot;,&quot;size&quot;:90,&quot;sizes&quot;:[]},&quot;marquee_speed&quot;:30,&quot;marquee_pause_on_hover&quot;:&quot;yes&quot;,&quot;marquee_draggable&quot;:&quot;yes&quot;,&quot;marquee_type&quot;:&quot;text&quot;,&quot;marquee_item_spacing_tablet&quot;:{&quot;unit&quot;:&quot;px&quot;,&quot;size&quot;:&quot;&quot;,&quot;sizes&quot;:[]},&quot;marquee_item_spacing_mobile&quot;:{&quot;unit&quot;:&quot;px&quot;,&quot;size&quot;:&quot;&quot;,&quot;sizes&quot;:[]},&quot;marquee_direction&quot;:&quot;left&quot;}\" data-widget_type=\"bdt-marquee.default\">\n\t\t\t\t\t\n\n\t\t<div id=\"bdt-marque-f6436e6\" class=\"bdt-marquee marquee-type-text\">\n\t\t\t\t\t\t\t\t\n\t\t\t\t\t<div class=\"marquee-content marquee-text\" >\n\n\n\t\t\t\t\t\t<span class=\"marquee-title\" >\u272e\u22c6\u02d9 Folding Glass Balcony<\/span>\t\t\t\t\t<\/div>\n\n\t\t\t\n\t\t\t\t\t<div class=\"marquee-content marquee-text\" >\n\n\n\t\t\t\t\t\t<span class=\"marquee-title\" >\u272e\u22c6\u02d9 Complete Balcony Systems<\/span>\t\t\t\t\t<\/div>\n\n\t\t\t\n\t\t\t\t\t<div class=\"marquee-content marquee-text\" >\n\n\n\t\t\t\t\t\t<span class=\"marquee-title\" >\u272e\u22c6\u02d9 Sliding Glass Balcony<\/span>\t\t\t\t\t<\/div>\n\n\t\t\t\n\t\t\t\t\t<div class=\"marquee-content marquee-text\" >\n\n\n\t\t\t\t\t\t<span class=\"marquee-title\" >\u272e\u22c6\u02d9 AirFlex Wind Deflector System<\/span>\t\t\t\t\t<\/div>\n\n\t\t\t\n\t\t\t\t\t<div class=\"marquee-content marquee-text\" >\n\n\n\t\t\t\t\t\t<span class=\"marquee-title\" >\u272e\u22c6\u02d9 Bioclimatic Pergola Systems<\/span>\t\t\t\t\t<\/div>\n\n\t\t\t\n\t\t\t\t\t<div class=\"marquee-content marquee-text\" >\n\n\n\t\t\t\t\t\t<span class=\"marquee-title\" >\u272e\u22c6\u02d9 Winter Garden Systems<\/span>\t\t\t\t\t<\/div>\n\n\t\t\t\n\t\t\t\t\t<div class=\"marquee-content marquee-text\" >\n\n\n\t\t\t\t\t\t<span class=\"marquee-title\" >\u272e\u22c6\u02d9 Vertiflex Guillotine Glass Balcony System<\/span>\t\t\t\t\t<\/div>\n\n\t\t\t\n\t\t\t\t\t<div class=\"marquee-content marquee-text\" >\n\n\n\t\t\t\t\t\t<span class=\"marquee-title\" >\u272e\u22c6\u02d9 Movable Glass Systems<\/span>\t\t\t\t\t<\/div>\n\n\t\t\t\n\t\t\t\t\t<div class=\"marquee-content marquee-text\" >\n\n\n\t\t\t\t\t\t<span class=\"marquee-title\" >\u272e\u22c6\u02d9 Balustrade Railing Systems<\/span>\t\t\t\t\t<\/div>\n\n\t\t\t\t\t\n\t\t\n\t\t\t<\/div>\n\t\t\t\t<\/div>\n\t\t\t\t\t<\/div>\n\t\t\t\t<\/div>\n\t\t<div class=\"elementor-element elementor-element-9684890 e-flex e-con-boxed e-con e-parent\" data-id=\"9684890\" data-element_type=\"container\">\n\t\t\t\t\t<div class=\"e-con-inner\">\n\t\t\t\t<div class=\"elementor-element elementor-element-b649c9e elementor-widget elementor-widget-text-editor\" data-id=\"b649c9e\" data-element_type=\"widget\" data-widget_type=\"text-editor.default\">\n\t\t\t\t\t\t\t\t\t<h2 class=\"page-title\" style=\"text-align: center;\"><strong><span style=\"color: #000000;\">Full balcony Washable Guillotine Glass Balcony<\/span><\/strong><\/h2>\t\t\t\t\t\t\t\t<\/div>\n\t\t\t\t\t<\/div>\n\t\t\t\t<\/div>\n\t\t<div class=\"elementor-element elementor-element-1fd8f9b e-flex e-con-boxed e-con e-parent\" data-id=\"1fd8f9b\" data-element_type=\"container\">\n\t\t\t\t\t<div class=\"e-con-inner\">\n\t\t<div class=\"elementor-element elementor-element-8c3d89a e-con-full e-flex e-con e-child\" data-id=\"8c3d89a\" data-element_type=\"container\">\n\t\t\t\t<div class=\"elementor-element elementor-element-5c878aa elementor-widget elementor-widget-video\" data-id=\"5c878aa\" data-element_type=\"widget\" data-settings=\"{&quot;youtube_url&quot;:&quot;https:\\\/\\\/www.youtube.com\\\/embed\\\/fQWCmJYeqqc?si&quot;,&quot;video_type&quot;:&quot;youtube&quot;,&quot;controls&quot;:&quot;yes&quot;}\" data-widget_type=\"video.default\">\n\t\t\t\t\t\t\t<div class=\"elementor-wrapper elementor-open-inline\">\n\t\t\t<div class=\"elementor-video\"><\/div>\t\t<\/div>\n\t\t\t\t\t\t<\/div>\n\t\t\t\t<\/div>\n\t\t<div class=\"elementor-element elementor-element-b8a250a e-con-full e-flex e-con e-child\" data-id=\"b8a250a\" data-element_type=\"container\">\n\t\t\t\t<div class=\"elementor-element elementor-element-ed473c9 elementor-widget elementor-widget-video\" data-id=\"ed473c9\" data-element_type=\"widget\" data-settings=\"{&quot;youtube_url&quot;:&quot;https:\\\/\\\/youtu.be\\\/6pyOunohytQ&quot;,&quot;video_type&quot;:&quot;youtube&quot;,&quot;controls&quot;:&quot;yes&quot;}\" data-widget_type=\"video.default\">\n\t\t\t\t\t\t\t<div class=\"elementor-wrapper elementor-open-inline\">\n\t\t\t<div class=\"elementor-video\"><\/div>\t\t<\/div>\n\t\t\t\t\t\t<\/div>\n\t\t\t\t<\/div>\n\t\t\t\t\t<\/div>\n\t\t\t\t<\/div>\n\t\t<div class=\"elementor-element elementor-element-9a384f1 e-flex e-con-boxed e-con e-parent\" data-id=\"9a384f1\" data-element_type=\"container\">\n\t\t\t\t\t<div class=\"e-con-inner\">\n\t\t<div class=\"elementor-element elementor-element-9bff241 e-con-full e-flex e-con e-child\" data-id=\"9bff241\" data-element_type=\"container\">\n\t\t\t\t<div class=\"elementor-element elementor-element-f9cd369 elementor-widget elementor-widget-heading\" data-id=\"f9cd369\" data-element_type=\"widget\" data-widget_type=\"heading.default\">\n\t\t\t\t\t<h2 class=\"elementor-heading-title elementor-size-default\"> Full balcony\u00ae<\/h2>\t\t\t\t<\/div>\n\t\t\t\t<div class=\"elementor-element elementor-element-82d62dc elementor-widget elementor-widget-text-editor\" data-id=\"82d62dc\" data-element_type=\"widget\" data-widget_type=\"text-editor.default\">\n\t\t\t\t\t\t\t\t\t<p>Not a glass balcony. The world&#8217;s first. Invented by Albert Genau. Moreover, it has won the IF Design and Red Dot awards in Germany, the Good Design award in America, and the Alt\u0131n \u00c7ek\u00fcl design award in Turkey!<\/p><p>It is Albert Genau&#8217;s patented design. Unlike a glass balcony, Tambalkon\u00ae is a fully automatic, remote-controlled, 100% retractable glass system. The glass panels open or close with a remote control. When the system is open, it does not take up any space on the balcony. It also serves as a balcony railing.<\/p>\t\t\t\t\t\t\t\t<\/div>\n\t\t\t\t<\/div>\n\t\t\t\t\t<\/div>\n\t\t\t\t<\/div>\n\t\t\t\t<\/div>\n\t\t","protected":false},"excerpt":{"rendered":"<p>Complete Balcony Systems Home Complete Balcony Systems \u272e\u22c6\u02d9 Folding Glass Balcony \u272e\u22c6\u02d9 Complete Balcony Systems \u272e\u22c6\u02d9 Sliding Glass Balcony \u272e\u22c6\u02d9 AirFlex Wind Deflector System \u272e\u22c6\u02d9 Bioclimatic Pergola Systems \u272e\u22c6\u02d9 Winter Garden Systems \u272e\u22c6\u02d9 Vertiflex Guillotine Glass Balcony System \u272e\u22c6\u02d9 Movable Glass Systems \u272e\u22c6\u02d9 Balustrade Railing Systems Full balcony Washable Guillotine Glass Balcony https:\/\/www.youtube.com\/embed\/fQWCmJYeqqc?sihttps:\/\/youtu.be\/6pyOunohytQ Full balcony\u00ae [&hellip;]<\/p>\n","protected":false},"author":1,"featured_media":0,"parent":1735,"menu_order":0,"comment_status":"closed","ping_status":"closed","template":"elementor_header_footer","meta":{"footnotes":""},"class_list":["post-1919","page","type-page","status-publish","hentry"],"_links":{"self":[{"href":"https:\/\/kivanccam.com.tr\/en\/wp-json\/wp\/v2\/pages\/1919","targetHints":{"allow":["GET"]}}],"collection":[{"href":"https:\/\/kivanccam.com.tr\/en\/wp-json\/wp\/v2\/pages"}],"about":[{"href":"https:\/\/kivanccam.com.tr\/en\/wp-json\/wp\/v2\/types\/page"}],"author":[{"embeddable":true,"href":"https:\/\/kivanccam.com.tr\/en\/wp-json\/wp\/v2\/users\/1"}],"replies":[{"embeddable":true,"href":"https:\/\/kivanccam.com.tr\/en\/wp-json\/wp\/v2\/comments?post=1919"}],"version-history":[{"count":11,"href":"https:\/\/kivanccam.com.tr\/en\/wp-json\/wp\/v2\/pages\/1919\/revisions"}],"predecessor-version":[{"id":2356,"href":"https:\/\/kivanccam.com.tr\/en\/wp-json\/wp\/v2\/pages\/1919\/revisions\/2356"}],"up":[{"embeddable":true,"href":"https:\/\/kivanccam.com.tr\/en\/wp-json\/wp\/v2\/pages\/1735"}],"wp:attachment":[{"href":"https:\/\/kivanccam.com.tr\/en\/wp-json\/wp\/v2\/media?parent=1919"}],"curies":[{"name":"wp","href":"https:\/\/api.w.org\/{rel}","templated":true}]}}