{"id":2093,"date":"2025-10-17T12:59:29","date_gmt":"2025-10-17T12:59:29","guid":{"rendered":"https:\/\/kivanccam.com.tr\/?page_id=2093"},"modified":"2025-10-20T21:21:20","modified_gmt":"2025-10-20T18:21:20","slug":"kvkk-information-notice","status":"publish","type":"page","link":"https:\/\/kivanccam.com.tr\/en\/kvkk-information-notice\/","title":{"rendered":"KVKK Information Notice"},"content":{"rendered":"\t\t<div data-elementor-type=\"wp-page\" data-elementor-id=\"2093\" class=\"elementor elementor-2093\" data-elementor-settings=\"{&quot;element_pack_global_tooltip_width&quot;:{&quot;unit&quot;:&quot;px&quot;,&quot;size&quot;:&quot;&quot;,&quot;sizes&quot;:[]},&quot;element_pack_global_tooltip_width_tablet&quot;:{&quot;unit&quot;:&quot;px&quot;,&quot;size&quot;:&quot;&quot;,&quot;sizes&quot;:[]},&quot;element_pack_global_tooltip_width_mobile&quot;:{&quot;unit&quot;:&quot;px&quot;,&quot;size&quot;:&quot;&quot;,&quot;sizes&quot;:[]},&quot;element_pack_global_tooltip_padding&quot;:{&quot;unit&quot;:&quot;px&quot;,&quot;top&quot;:&quot;&quot;,&quot;right&quot;:&quot;&quot;,&quot;bottom&quot;:&quot;&quot;,&quot;left&quot;:&quot;&quot;,&quot;isLinked&quot;:true},&quot;element_pack_global_tooltip_padding_tablet&quot;:{&quot;unit&quot;:&quot;px&quot;,&quot;top&quot;:&quot;&quot;,&quot;right&quot;:&quot;&quot;,&quot;bottom&quot;:&quot;&quot;,&quot;left&quot;:&quot;&quot;,&quot;isLinked&quot;:true},&quot;element_pack_global_tooltip_padding_mobile&quot;:{&quot;unit&quot;:&quot;px&quot;,&quot;top&quot;:&quot;&quot;,&quot;right&quot;:&quot;&quot;,&quot;bottom&quot;:&quot;&quot;,&quot;left&quot;:&quot;&quot;,&quot;isLinked&quot;:true},&quot;element_pack_global_tooltip_border_radius&quot;:{&quot;unit&quot;:&quot;px&quot;,&quot;top&quot;:&quot;&quot;,&quot;right&quot;:&quot;&quot;,&quot;bottom&quot;:&quot;&quot;,&quot;left&quot;:&quot;&quot;,&quot;isLinked&quot;:true},&quot;element_pack_global_tooltip_border_radius_tablet&quot;:{&quot;unit&quot;:&quot;px&quot;,&quot;top&quot;:&quot;&quot;,&quot;right&quot;:&quot;&quot;,&quot;bottom&quot;:&quot;&quot;,&quot;left&quot;:&quot;&quot;,&quot;isLinked&quot;:true},&quot;element_pack_global_tooltip_border_radius_mobile&quot;:{&quot;unit&quot;:&quot;px&quot;,&quot;top&quot;:&quot;&quot;,&quot;right&quot;:&quot;&quot;,&quot;bottom&quot;:&quot;&quot;,&quot;left&quot;:&quot;&quot;,&quot;isLinked&quot;:true}}\" data-elementor-post-type=\"page\">\n\t\t\t\t\t\t<section class=\"elementor-section elementor-top-section elementor-element elementor-element-4c88599 elementor-section-full_width elementor-section-height-default elementor-section-height-default\" data-id=\"4c88599\" data-element_type=\"section\" data-settings=\"{&quot;background_background&quot;:&quot;classic&quot;}\">\n\t\t\t\t\t\t\t<div class=\"elementor-background-overlay\"><\/div>\n\t\t\t\t\t\t\t<div class=\"elementor-container elementor-column-gap-default\">\n\t\t\t\t\t<div class=\"elementor-column elementor-col-100 elementor-top-column elementor-element elementor-element-e3507fb\" data-id=\"e3507fb\" data-element_type=\"column\">\n\t\t\t<div class=\"elementor-widget-wrap elementor-element-populated\">\n\t\t\t\t\t\t<div class=\"elementor-element elementor-element-9262d47 elementor-widget elementor-widget-heading\" data-id=\"9262d47\" data-element_type=\"widget\" data-widget_type=\"heading.default\">\n\t\t\t\t\t<h2 class=\"elementor-heading-title elementor-size-default\">KVKK Information Notice<\/h2>\t\t\t\t<\/div>\n\t\t\t\t<div class=\"elementor-element elementor-element-e595812 elementor-icon-list--layout-inline elementor-align-center elementor-list-item-link-full_width elementor-widget elementor-widget-icon-list\" data-id=\"e595812\" data-element_type=\"widget\" data-widget_type=\"icon-list.default\">\n\t\t\t\t\t\t\t<ul class=\"elementor-icon-list-items elementor-inline-items\">\n\t\t\t\t\t\t\t<li class=\"elementor-icon-list-item elementor-inline-item\">\n\t\t\t\t\t\t\t\t\t\t\t<a href=\"https:\/\/kivanccam.com.tr\/en\/\">\n\n\t\t\t\t\t\t\t\t\t\t\t<span class=\"elementor-icon-list-text\">Home<\/span>\n\t\t\t\t\t\t\t\t\t\t\t<\/a>\n\t\t\t\t\t\t\t\t\t<\/li>\n\t\t\t\t\t\t\t\t<li class=\"elementor-icon-list-item elementor-inline-item\">\n\t\t\t\t\t\t\t\t\t\t\t<span class=\"elementor-icon-list-icon\">\n\t\t\t\t\t\t\t<svg aria-hidden=\"true\" class=\"e-font-icon-svg e-fas-angle-double-right\" viewBox=\"0 0 448 512\" xmlns=\"http:\/\/www.w3.org\/2000\/svg\"><path d=\"M224.3 273l-136 136c-9.4 9.4-24.6 9.4-33.9 0l-22.6-22.6c-9.4-9.4-9.4-24.6 0-33.9l96.4-96.4-96.4-96.4c-9.4-9.4-9.4-24.6 0-33.9L54.3 103c9.4-9.4 24.6-9.4 33.9 0l136 136c9.5 9.4 9.5 24.6.1 34zm192-34l-136-136c-9.4-9.4-24.6-9.4-33.9 0l-22.6 22.6c-9.4 9.4-9.4 24.6 0 33.9l96.4 96.4-96.4 96.4c-9.4 9.4-9.4 24.6 0 33.9l22.6 22.6c9.4 9.4 24.6 9.4 33.9 0l136-136c9.4-9.2 9.4-24.4 0-33.8z\"><\/path><\/svg>\t\t\t\t\t\t<\/span>\n\t\t\t\t\t\t\t\t\t\t<span class=\"elementor-icon-list-text\"><\/span>\n\t\t\t\t\t\t\t\t\t<\/li>\n\t\t\t\t\t\t\t\t<li class=\"elementor-icon-list-item elementor-inline-item\">\n\t\t\t\t\t\t\t\t\t\t\t<a href=\"https:\/\/kivanccam.com.tr\/en\/kvkk-information-notice\/\">\n\n\t\t\t\t\t\t\t\t\t\t\t<span class=\"elementor-icon-list-text\">KVKK Information Notice<\/span>\n\t\t\t\t\t\t\t\t\t\t\t<\/a>\n\t\t\t\t\t\t\t\t\t<\/li>\n\t\t\t\t\t\t<\/ul>\n\t\t\t\t\t\t<\/div>\n\t\t\t\t\t<\/div>\n\t\t<\/div>\n\t\t\t\t\t<\/div>\n\t\t<\/section>\n\t\t\t\t<section class=\"elementor-section elementor-top-section elementor-element elementor-element-389c25de elementor-section-boxed elementor-section-height-default elementor-section-height-default\" data-id=\"389c25de\" data-element_type=\"section\">\n\t\t\t\t\t\t<div class=\"elementor-container elementor-column-gap-wider\">\n\t\t\t\t\t<div class=\"elementor-column elementor-col-100 elementor-top-column elementor-element elementor-element-1c9f66e4\" data-id=\"1c9f66e4\" data-element_type=\"column\">\n\t\t\t<div class=\"elementor-widget-wrap elementor-element-populated\">\n\t\t\t\t\t\t<div class=\"elementor-element elementor-element-749c1aa4 elementor-widget elementor-widget-bdt-advanced-heading\" data-id=\"749c1aa4\" data-element_type=\"widget\" data-widget_type=\"bdt-advanced-heading.default\">\n\t\t\t\t\t<div id=\"749c1aa4\" class=\"bdt-ep-advanced-heading\" data-settings=\"{&quot;titleMultiColor&quot;:&quot;no&quot;}\"><h2 class=\"bdt-ep-advanced-heading-title\"><span class=\"bdt-ep-advanced-heading-main-title\"><span class=\"bdt-ep-advanced-heading-main-title-inner\">PERSONAL DATA PROTECTION LAW (KVKK) INFORMATION NOTICE<\/span><\/span><\/h2><\/div>\t\t\t\t<\/div>\n\t\t\t\t<div class=\"elementor-element elementor-element-64a9376 elementor-widget elementor-widget-text-editor\" data-id=\"64a9376\" data-element_type=\"widget\" data-widget_type=\"text-editor.default\">\n\t\t\t\t\t\t\t\t\t<p><strong><span style=\"color: #000000;\">1. Data Controller<\/span><\/strong><\/p><p>In accordance with the Personal Data Protection Law No. 6698 (\u201cKVKK\u201d), your personal data may be processed by K\u0131van\u00e7 Cam as the data controller within the scope described below.<\/p><p><strong><span style=\"color: #000000;\">K\u0131van\u00e7 Cam<\/span><\/strong><br \/>Address: Karma OSB Mah. 1. Cadde No:6 \u0130\u00e7 Kap\u0131 No:1 Merkez \/ U\u015eAK<br \/>Telephone: 0850 850 1 226 \u2013 0276 213 13 14<br \/>Email: info@kivanccam.com.tr<\/p>\t\t\t\t\t\t\t\t<\/div>\n\t\t\t\t<div class=\"elementor-element elementor-element-b36dff6 elementor-widget elementor-widget-text-editor\" data-id=\"b36dff6\" data-element_type=\"widget\" data-widget_type=\"text-editor.default\">\n\t\t\t\t\t\t\t\t\t<p><strong><span style=\"color: #000000;\">2. Purpose of Processing Personal Data<\/span><\/strong><\/p><p>Your personal data is processed for the following purposes:<\/p><p>Receiving product and service requests, preparing quotations, and executing contract processes,<\/p><p>Executing sales, delivery, invoicing, and customer relations,<\/p><p>Providing after-sales support, warranty, and service,<\/p><p>Conducting company activities in compliance with legislation,<\/p><p>Performing finance, accounting, and tax operations,<\/p><p>Managing requests and complaints and ensuring customer satisfaction,<\/p><p>Planning and executing the company&#8217;s commercial and business strategies,<\/p><p>Keeping visitor entry and exit records and ensuring security measures.<\/p><p>Translated with DeepL.com (free version)<\/p>\t\t\t\t\t\t\t\t<\/div>\n\t\t\t\t<div class=\"elementor-element elementor-element-6c3e098 elementor-widget elementor-widget-text-editor\" data-id=\"6c3e098\" data-element_type=\"widget\" data-widget_type=\"text-editor.default\">\n\t\t\t\t\t\t\t\t\t<p><strong><span style=\"color: #000000;\">3. Transfer of Personal Data<\/span><\/strong><\/p><p>Your personal data may be transferred to legally authorised public institutions and organisations, our business partners, suppliers, third parties from whom we receive banking, shipping, accounting and legal consultancy services, in accordance with the conditions specified in Articles 8 and 9 of the Personal Data Protection Law (KVKK), for the purposes stated above.<\/p>\t\t\t\t\t\t\t\t<\/div>\n\t\t\t\t<div class=\"elementor-element elementor-element-4cef72d elementor-widget elementor-widget-text-editor\" data-id=\"4cef72d\" data-element_type=\"widget\" data-widget_type=\"text-editor.default\">\n\t\t\t\t\t\t\t\t\t<p><strong><span style=\"color: #000000;\">4. Method of Collection and Legal Basis for Personal Data<\/span><\/strong><\/p><p>Your personal data is collected through the following means:<\/p><p>Telephone, email, website contact form, quotation and order forms,<\/p><p>Contracts, invoices, delivery notes and delivery documents,<\/p><p>Camera recording systems, visitor registration forms, etc.,<br \/>by automated or non-automated means.<\/p><p>These data are processed based on the legal grounds specified in Articles 5 and 6 of the KVKK;<\/p><p>Explicitly stipulated by law,<\/p><p>Directly related to the establishment or performance of a contract,<\/p><p>Fulfilment of legal obligations,<\/p><p>Protection of legitimate interests.<\/p>\t\t\t\t\t\t\t\t<\/div>\n\t\t\t\t<div class=\"elementor-element elementor-element-7d65c94 elementor-widget elementor-widget-text-editor\" data-id=\"7d65c94\" data-element_type=\"widget\" data-widget_type=\"text-editor.default\">\n\t\t\t\t\t\t\t\t\t<p><strong><span style=\"color: #000000;\">5. Rights of the Data Subject<\/span><\/strong><\/p><p>Under Article 11 of the KVKK, natural persons whose personal data is processed have the following rights:<\/p><p>To learn whether their personal data is being processed,<\/p><p>To request information about the processing, if it has been processed,<\/p><p>To learn the purpose of the processing and whether it is being used for that purpose,<\/p><p>To know the third parties to whom the data has been transferred,<\/p><p>To request the correction of incomplete or incorrect data,<\/p><p>Request the deletion or destruction of the data in accordance with the provisions of the law,<\/p><p>Request that these actions be communicated to third parties to whom the data has been transferred,<\/p><p>Object to any adverse outcome arising from the analysis of the processed data exclusively through automated systems,<\/p><p>Request compensation for any damage suffered.<\/p>\t\t\t\t\t\t\t\t<\/div>\n\t\t\t\t<div class=\"elementor-element elementor-element-79a9c85 elementor-widget elementor-widget-text-editor\" data-id=\"79a9c85\" data-element_type=\"widget\" data-widget_type=\"text-editor.default\">\n\t\t\t\t\t\t\t\t\t<p><strong><span style=\"color: #000000;\">6. Application Method<\/span><\/strong><\/p><p>You may submit your requests regarding your rights to us in writing or via registered electronic mail (KEP) address, secure electronic signature or e-mail through the following communication channels:<\/p><p>Address: Karma OSB Mah. 1. Cadde No:6 \u0130\u00e7 Kap\u0131 No:1 Merkez \/ U\u015eAK<br \/>E-mail: info@kivanccam.com.tr<br \/>Telephone: 0850 850 1 226<\/p><p>Requests submitted to us will be processed free of charge within 30 days at the latest, in accordance with the KVKK.<\/p>\t\t\t\t\t\t\t\t<\/div>\n\t\t\t\t<div class=\"elementor-element elementor-element-d36bac4 elementor-widget elementor-widget-text-editor\" data-id=\"d36bac4\" data-element_type=\"widget\" data-widget_type=\"text-editor.default\">\n\t\t\t\t\t\t\t\t\t<p><strong><span style=\"color: #000000;\">7. Validity<\/span><\/strong><\/p><p>This Information Notice came into force on the date of its publication. Our company reserves the right to make changes to the text when deemed necessary.<\/p>\t\t\t\t\t\t\t\t<\/div>\n\t\t\t\t<div class=\"elementor-element elementor-element-63999a3d elementor-align-left elementor-widget elementor-widget-bdt-advanced-button\" data-id=\"63999a3d\" data-element_type=\"widget\" data-widget_type=\"bdt-advanced-button.default\">\n\t\t\t\t\t\t\t<div class=\"bdt-ep-button-wrapper\">\n\t\t\t<a href=\"https:\/\/kivanccam.com.tr\/en\/contact\/\" class=\"bdt-ep-button bdt-ep-button-effect-a bdt-ep-button-size-md\">\n\t\t\t\t\t\t<div class=\"bdt-ep-button-content-wrapper bdt-flex bdt-flex-middle bdt-flex-center  \" data-text=\"Get in touch\">\n\t\t\t\n\t\t\t<div class=\"bdt-ep-button-text\">\n\n\t\t\t\t<span class=\"avdbtn-text\">\n\t\t\t\t\tGet in touch\t\t\t\t<\/span>\n\n\t\t\t\t\t\t\t<\/div>\n\n\t\t\t\n\t\t<\/div>\n\t\t\t\t\t<\/a>\n\t\t<\/div>\n\t\t\t\t\t\t<\/div>\n\t\t\t\t\t<\/div>\n\t\t<\/div>\n\t\t\t\t\t<\/div>\n\t\t<\/section>\n\t\t\t\t<\/div>\n\t\t","protected":false},"excerpt":{"rendered":"<p>KVKK Information Notice Home KVKK Information Notice PERSONAL DATA PROTECTION LAW (KVKK) INFORMATION NOTICE 1. Data Controller In accordance with the Personal Data Protection Law No. 6698 (\u201cKVKK\u201d), your personal data may be processed by K\u0131van\u00e7 Cam as the data controller within the scope described below. K\u0131van\u00e7 CamAddress: Karma OSB Mah. 1. Cadde No:6 \u0130\u00e7 [&hellip;]<\/p>\n","protected":false},"author":1,"featured_media":0,"parent":0,"menu_order":0,"comment_status":"closed","ping_status":"closed","template":"elementor_header_footer","meta":{"footnotes":""},"class_list":["post-2093","page","type-page","status-publish","hentry"],"_links":{"self":[{"href":"https:\/\/kivanccam.com.tr\/en\/wp-json\/wp\/v2\/pages\/2093","targetHints":{"allow":["GET"]}}],"collection":[{"href":"https:\/\/kivanccam.com.tr\/en\/wp-json\/wp\/v2\/pages"}],"about":[{"href":"https:\/\/kivanccam.com.tr\/en\/wp-json\/wp\/v2\/types\/page"}],"author":[{"embeddable":true,"href":"https:\/\/kivanccam.com.tr\/en\/wp-json\/wp\/v2\/users\/1"}],"replies":[{"embeddable":true,"href":"https:\/\/kivanccam.com.tr\/en\/wp-json\/wp\/v2\/comments?post=2093"}],"version-history":[{"count":11,"href":"https:\/\/kivanccam.com.tr\/en\/wp-json\/wp\/v2\/pages\/2093\/revisions"}],"predecessor-version":[{"id":2474,"href":"https:\/\/kivanccam.com.tr\/en\/wp-json\/wp\/v2\/pages\/2093\/revisions\/2474"}],"wp:attachment":[{"href":"https:\/\/kivanccam.com.tr\/en\/wp-json\/wp\/v2\/media?parent=2093"}],"curies":[{"name":"wp","href":"https:\/\/api.w.org\/{rel}","templated":true}]}}