{"id":2099,"date":"2025-10-17T13:06:03","date_gmt":"2025-10-17T13:06:03","guid":{"rendered":"https:\/\/kivanccam.com.tr\/?page_id=2099"},"modified":"2025-10-20T16:04:35","modified_gmt":"2025-10-20T13:04:35","slug":"privacy-policy","status":"publish","type":"page","link":"https:\/\/kivanccam.com.tr\/en\/privacy-policy\/","title":{"rendered":"Privacy Policy"},"content":{"rendered":"\t\t<div data-elementor-type=\"wp-page\" data-elementor-id=\"2099\" class=\"elementor elementor-2099\" data-elementor-settings=\"{&quot;element_pack_global_tooltip_width&quot;:{&quot;unit&quot;:&quot;px&quot;,&quot;size&quot;:&quot;&quot;,&quot;sizes&quot;:[]},&quot;element_pack_global_tooltip_width_tablet&quot;:{&quot;unit&quot;:&quot;px&quot;,&quot;size&quot;:&quot;&quot;,&quot;sizes&quot;:[]},&quot;element_pack_global_tooltip_width_mobile&quot;:{&quot;unit&quot;:&quot;px&quot;,&quot;size&quot;:&quot;&quot;,&quot;sizes&quot;:[]},&quot;element_pack_global_tooltip_padding&quot;:{&quot;unit&quot;:&quot;px&quot;,&quot;top&quot;:&quot;&quot;,&quot;right&quot;:&quot;&quot;,&quot;bottom&quot;:&quot;&quot;,&quot;left&quot;:&quot;&quot;,&quot;isLinked&quot;:true},&quot;element_pack_global_tooltip_padding_tablet&quot;:{&quot;unit&quot;:&quot;px&quot;,&quot;top&quot;:&quot;&quot;,&quot;right&quot;:&quot;&quot;,&quot;bottom&quot;:&quot;&quot;,&quot;left&quot;:&quot;&quot;,&quot;isLinked&quot;:true},&quot;element_pack_global_tooltip_padding_mobile&quot;:{&quot;unit&quot;:&quot;px&quot;,&quot;top&quot;:&quot;&quot;,&quot;right&quot;:&quot;&quot;,&quot;bottom&quot;:&quot;&quot;,&quot;left&quot;:&quot;&quot;,&quot;isLinked&quot;:true},&quot;element_pack_global_tooltip_border_radius&quot;:{&quot;unit&quot;:&quot;px&quot;,&quot;top&quot;:&quot;&quot;,&quot;right&quot;:&quot;&quot;,&quot;bottom&quot;:&quot;&quot;,&quot;left&quot;:&quot;&quot;,&quot;isLinked&quot;:true},&quot;element_pack_global_tooltip_border_radius_tablet&quot;:{&quot;unit&quot;:&quot;px&quot;,&quot;top&quot;:&quot;&quot;,&quot;right&quot;:&quot;&quot;,&quot;bottom&quot;:&quot;&quot;,&quot;left&quot;:&quot;&quot;,&quot;isLinked&quot;:true},&quot;element_pack_global_tooltip_border_radius_mobile&quot;:{&quot;unit&quot;:&quot;px&quot;,&quot;top&quot;:&quot;&quot;,&quot;right&quot;:&quot;&quot;,&quot;bottom&quot;:&quot;&quot;,&quot;left&quot;:&quot;&quot;,&quot;isLinked&quot;:true}}\" data-elementor-post-type=\"page\">\n\t\t\t\t\t\t<section class=\"elementor-section elementor-top-section elementor-element elementor-element-4c88599 elementor-section-full_width elementor-section-height-default elementor-section-height-default\" data-id=\"4c88599\" data-element_type=\"section\" data-settings=\"{&quot;background_background&quot;:&quot;classic&quot;}\">\n\t\t\t\t\t\t\t<div class=\"elementor-background-overlay\"><\/div>\n\t\t\t\t\t\t\t<div class=\"elementor-container elementor-column-gap-default\">\n\t\t\t\t\t<div class=\"elementor-column elementor-col-100 elementor-top-column elementor-element elementor-element-e3507fb\" data-id=\"e3507fb\" data-element_type=\"column\">\n\t\t\t<div class=\"elementor-widget-wrap elementor-element-populated\">\n\t\t\t\t\t\t<div class=\"elementor-element elementor-element-9262d47 elementor-widget elementor-widget-heading\" data-id=\"9262d47\" data-element_type=\"widget\" data-widget_type=\"heading.default\">\n\t\t\t\t\t<h2 class=\"elementor-heading-title elementor-size-default\">Privacy Policy<\/h2>\t\t\t\t<\/div>\n\t\t\t\t<div class=\"elementor-element elementor-element-e595812 elementor-icon-list--layout-inline elementor-align-center elementor-list-item-link-full_width elementor-widget elementor-widget-icon-list\" data-id=\"e595812\" data-element_type=\"widget\" data-widget_type=\"icon-list.default\">\n\t\t\t\t\t\t\t<ul class=\"elementor-icon-list-items elementor-inline-items\">\n\t\t\t\t\t\t\t<li class=\"elementor-icon-list-item elementor-inline-item\">\n\t\t\t\t\t\t\t\t\t\t\t<a href=\"https:\/\/kivanccam.com.tr\/en\/\">\n\n\t\t\t\t\t\t\t\t\t\t\t<span class=\"elementor-icon-list-text\">Home<\/span>\n\t\t\t\t\t\t\t\t\t\t\t<\/a>\n\t\t\t\t\t\t\t\t\t<\/li>\n\t\t\t\t\t\t\t\t<li class=\"elementor-icon-list-item elementor-inline-item\">\n\t\t\t\t\t\t\t\t\t\t\t<span class=\"elementor-icon-list-icon\">\n\t\t\t\t\t\t\t<svg aria-hidden=\"true\" class=\"e-font-icon-svg e-fas-angle-double-right\" viewBox=\"0 0 448 512\" xmlns=\"http:\/\/www.w3.org\/2000\/svg\"><path d=\"M224.3 273l-136 136c-9.4 9.4-24.6 9.4-33.9 0l-22.6-22.6c-9.4-9.4-9.4-24.6 0-33.9l96.4-96.4-96.4-96.4c-9.4-9.4-9.4-24.6 0-33.9L54.3 103c9.4-9.4 24.6-9.4 33.9 0l136 136c9.5 9.4 9.5 24.6.1 34zm192-34l-136-136c-9.4-9.4-24.6-9.4-33.9 0l-22.6 22.6c-9.4 9.4-9.4 24.6 0 33.9l96.4 96.4-96.4 96.4c-9.4 9.4-9.4 24.6 0 33.9l22.6 22.6c9.4 9.4 24.6 9.4 33.9 0l136-136c9.4-9.2 9.4-24.4 0-33.8z\"><\/path><\/svg>\t\t\t\t\t\t<\/span>\n\t\t\t\t\t\t\t\t\t\t<span class=\"elementor-icon-list-text\"><\/span>\n\t\t\t\t\t\t\t\t\t<\/li>\n\t\t\t\t\t\t\t\t<li class=\"elementor-icon-list-item elementor-inline-item\">\n\t\t\t\t\t\t\t\t\t\t\t<a href=\"https:\/\/kivanccam.com.tr\/en\/privacy-policy\/\">\n\n\t\t\t\t\t\t\t\t\t\t\t<span class=\"elementor-icon-list-text\">Privacy Policy<\/span>\n\t\t\t\t\t\t\t\t\t\t\t<\/a>\n\t\t\t\t\t\t\t\t\t<\/li>\n\t\t\t\t\t\t<\/ul>\n\t\t\t\t\t\t<\/div>\n\t\t\t\t\t<\/div>\n\t\t<\/div>\n\t\t\t\t\t<\/div>\n\t\t<\/section>\n\t\t\t\t<section class=\"elementor-section elementor-top-section elementor-element elementor-element-389c25de elementor-section-boxed elementor-section-height-default elementor-section-height-default\" data-id=\"389c25de\" data-element_type=\"section\">\n\t\t\t\t\t\t<div class=\"elementor-container elementor-column-gap-wider\">\n\t\t\t\t\t<div class=\"elementor-column elementor-col-100 elementor-top-column elementor-element elementor-element-1c9f66e4\" data-id=\"1c9f66e4\" data-element_type=\"column\">\n\t\t\t<div class=\"elementor-widget-wrap elementor-element-populated\">\n\t\t\t\t\t\t<div class=\"elementor-element elementor-element-749c1aa4 elementor-widget elementor-widget-bdt-advanced-heading\" data-id=\"749c1aa4\" data-element_type=\"widget\" data-widget_type=\"bdt-advanced-heading.default\">\n\t\t\t\t\t<div id=\"749c1aa4\" class=\"bdt-ep-advanced-heading\" data-settings=\"{&quot;titleMultiColor&quot;:&quot;no&quot;}\"><h2 class=\"bdt-ep-advanced-heading-title\"><span class=\"bdt-ep-advanced-heading-main-title\"><span class=\"bdt-ep-advanced-heading-main-title-inner\">Privacy Policy<\/span><\/span><\/h2><\/div>\t\t\t\t<\/div>\n\t\t\t\t<div class=\"elementor-element elementor-element-64a9376 elementor-widget elementor-widget-text-editor\" data-id=\"64a9376\" data-element_type=\"widget\" data-widget_type=\"text-editor.default\">\n\t\t\t\t\t\t\t\t\t<p><strong><span style=\"color: #000000;\">1. Introduction<\/span><\/strong><\/p><p>This privacy policy explains how personal data obtained through the www.kivanccam.com.tr website operated by K\u0131van\u00e7 Cam (\u201cCompany\u201d) is collected, used, protected and processed.<br \/>Our aim is to protect the privacy of our visitors and ensure that personal data is processed securely.<\/p>\t\t\t\t\t\t\t\t<\/div>\n\t\t\t\t<div class=\"elementor-element elementor-element-b36dff6 elementor-widget elementor-widget-text-editor\" data-id=\"b36dff6\" data-element_type=\"widget\" data-widget_type=\"text-editor.default\">\n\t\t\t\t\t\t\t\t\t<p><strong><span style=\"color: #000000;\">2. Collection of Personal Data<\/span><\/strong><\/p><p>When you visit our website or use our contact forms, certain personal data may be collected from you. This data may include:<\/p><p>First name, surname, email address, telephone number,<\/p><p>Company or organisation details,<\/p><p>Messages and requests submitted via the contact form,<\/p><p>IP address, browser information and cookie data.<\/p><p>This information is collected solely for the purpose of communicating with you, processing requests and offers, and improving the quality of our services.<\/p>\t\t\t\t\t\t\t\t<\/div>\n\t\t\t\t<div class=\"elementor-element elementor-element-6c3e098 elementor-widget elementor-widget-text-editor\" data-id=\"6c3e098\" data-element_type=\"widget\" data-widget_type=\"text-editor.default\">\n\t\t\t\t\t\t\t\t\t<p><strong><span style=\"color: #000000;\">3. Purposes of Use of Personal Data<\/span><\/strong><\/p><p>The personal data collected is used for the following purposes:<\/p><p>Responding to customer requests, preparing quotations and providing services,<\/p><p>Conducting sales and support processes,<\/p><p>Managing communication activities,<\/p><p>Improving the website experience,<\/p><p>Conducting reporting, accounting and auditing processes in compliance with legislation.<\/p>\t\t\t\t\t\t\t\t<\/div>\n\t\t\t\t<div class=\"elementor-element elementor-element-4cef72d elementor-widget elementor-widget-text-editor\" data-id=\"4cef72d\" data-element_type=\"widget\" data-widget_type=\"text-editor.default\">\n\t\t\t\t\t\t\t\t\t<p><strong><span style=\"color: #000000;\">4. Protection of Personal Data<\/span><\/strong><\/p><p>As K\u0131van\u00e7 Cam, we protect your personal data in accordance with the provisions of the KVKK (Law No. 6698).<br \/>All necessary technical and administrative measures are taken to ensure the confidentiality of your data.<br \/>In this context;<\/p><p>Your data is stored on secure servers,<\/p><p>Protection against unauthorised access is provided,<\/p><p>Only authorised personnel can access the information.<\/p>\t\t\t\t\t\t\t\t<\/div>\n\t\t\t\t<div class=\"elementor-element elementor-element-7d65c94 elementor-widget elementor-widget-text-editor\" data-id=\"7d65c94\" data-element_type=\"widget\" data-widget_type=\"text-editor.default\">\n\t\t\t\t\t\t\t\t\t<p><strong><span style=\"color: #000000;\">5. Use of Cookies<\/span><\/strong><\/p><p>Cookies are used on our website to enhance user experience, analyse traffic and improve service quality.<br \/>Cookies are small text files stored on your device via your browser.<br \/>You can choose to reject or delete cookies by changing your browser settings; however, in this case, some sections of our website may not function properly.<\/p>\t\t\t\t\t\t\t\t<\/div>\n\t\t\t\t<div class=\"elementor-element elementor-element-79a9c85 elementor-widget elementor-widget-text-editor\" data-id=\"79a9c85\" data-element_type=\"widget\" data-widget_type=\"text-editor.default\">\n\t\t\t\t\t\t\t\t\t<p><strong><span style=\"color: #000000;\">6. Sharing Personal Data with Third Parties<\/span><\/strong><\/p><p>Your personal data may only be shared with third parties in the following circumstances:<\/p><p>When sharing with official institutions and organisations is required by law,<\/p><p>When sharing with our business partners and suppliers (e.g. courier, accounting, IT services) is strictly limited,<\/p><p>When you have given your explicit consent.<\/p><p>Such sharing is always limited to the purpose, subject to confidentiality commitments and within the legal framework.<\/p>\t\t\t\t\t\t\t\t<\/div>\n\t\t\t\t<div class=\"elementor-element elementor-element-d36bac4 elementor-widget elementor-widget-text-editor\" data-id=\"d36bac4\" data-element_type=\"widget\" data-widget_type=\"text-editor.default\">\n\t\t\t\t\t\t\t\t\t<p><strong><span style=\"color: #000000;\">7. Rights of the Data Subject<\/span><\/strong><\/p><p>Pursuant to Article 11 of the KVKK, you have the following rights regarding your personal data:<\/p><p>To learn whether your data has been processed,<\/p><p>To request correction if it has been processed incompletely or incorrectly,<\/p><p>To request deletion or destruction,<\/p><p>To learn to whom the processed data has been transferred,<\/p><p>To claim compensation if you have suffered damage.<\/p><p>You may submit these requests to us via the contact details below.<\/p>\t\t\t\t\t\t\t\t<\/div>\n\t\t\t\t<div class=\"elementor-element elementor-element-9279576 elementor-widget elementor-widget-text-editor\" data-id=\"9279576\" data-element_type=\"widget\" data-widget_type=\"text-editor.default\">\n\t\t\t\t\t\t\t\t\t<p><strong><span style=\"color: #000000;\">8. Contact<\/span><\/strong><\/p><p>You can contact us for any questions, requests or applications:<\/p><p><strong><span style=\"color: #000000;\">K\u0131van\u00e7 Cam<\/span><\/strong><br \/>\ud83d\udccd Karma OSB Mah. 1. Cadde No:6 \u0130\u00e7 Kap\u0131 No:1 Merkez \/ U\u015eAK<br \/>\ud83d\udcde 0850 850 1 226 \u2013 0276 213 13 14<br \/>\u2709\ufe0f info@kivanccam.com.tr<\/p>\t\t\t\t\t\t\t\t<\/div>\n\t\t\t\t<div class=\"elementor-element elementor-element-391f4e7 elementor-widget elementor-widget-text-editor\" data-id=\"391f4e7\" data-element_type=\"widget\" data-widget_type=\"text-editor.default\">\n\t\t\t\t\t\t\t\t\t<p><strong><span style=\"color: #000000;\">9. Right to Make Changes<\/span><\/strong><\/p><p>K\u0131van\u00e7 Cam reserves the right to update this Privacy Policy in accordance with legal regulations or internal practices.<br \/>Updated policy texts shall enter into force on the date they are published on our website.<\/p>\t\t\t\t\t\t\t\t<\/div>\n\t\t\t\t<div class=\"elementor-element elementor-element-63999a3d elementor-align-left elementor-widget elementor-widget-bdt-advanced-button\" data-id=\"63999a3d\" data-element_type=\"widget\" data-widget_type=\"bdt-advanced-button.default\">\n\t\t\t\t\t\t\t<div class=\"bdt-ep-button-wrapper\">\n\t\t\t<a href=\"https:\/\/kivanccam.com.tr\/en\/contact\/\" class=\"bdt-ep-button bdt-ep-button-effect-a bdt-ep-button-size-md\">\n\t\t\t\t\t\t<div class=\"bdt-ep-button-content-wrapper bdt-flex bdt-flex-middle bdt-flex-center  \" data-text=\"Get in touch\">\n\t\t\t\n\t\t\t<div class=\"bdt-ep-button-text\">\n\n\t\t\t\t<span class=\"avdbtn-text\">\n\t\t\t\t\tGet in touch\t\t\t\t<\/span>\n\n\t\t\t\t\t\t\t<\/div>\n\n\t\t\t\n\t\t<\/div>\n\t\t\t\t\t<\/a>\n\t\t<\/div>\n\t\t\t\t\t\t<\/div>\n\t\t\t\t\t<\/div>\n\t\t<\/div>\n\t\t\t\t\t<\/div>\n\t\t<\/section>\n\t\t\t\t<\/div>\n\t\t","protected":false},"excerpt":{"rendered":"<p>Privacy Policy Home Privacy Policy Privacy Policy 1. Introduction This privacy policy explains how personal data obtained through the www.kivanccam.com.tr website operated by K\u0131van\u00e7 Cam (\u201cCompany\u201d) is collected, used, protected and processed.Our aim is to protect the privacy of our visitors and ensure that personal data is processed securely. 2. Collection of Personal Data When [&hellip;]<\/p>\n","protected":false},"author":1,"featured_media":0,"parent":0,"menu_order":0,"comment_status":"closed","ping_status":"closed","template":"elementor_header_footer","meta":{"footnotes":""},"class_list":["post-2099","page","type-page","status-publish","hentry"],"_links":{"self":[{"href":"https:\/\/kivanccam.com.tr\/en\/wp-json\/wp\/v2\/pages\/2099","targetHints":{"allow":["GET"]}}],"collection":[{"href":"https:\/\/kivanccam.com.tr\/en\/wp-json\/wp\/v2\/pages"}],"about":[{"href":"https:\/\/kivanccam.com.tr\/en\/wp-json\/wp\/v2\/types\/page"}],"author":[{"embeddable":true,"href":"https:\/\/kivanccam.com.tr\/en\/wp-json\/wp\/v2\/users\/1"}],"replies":[{"embeddable":true,"href":"https:\/\/kivanccam.com.tr\/en\/wp-json\/wp\/v2\/comments?post=2099"}],"version-history":[{"count":8,"href":"https:\/\/kivanccam.com.tr\/en\/wp-json\/wp\/v2\/pages\/2099\/revisions"}],"predecessor-version":[{"id":2431,"href":"https:\/\/kivanccam.com.tr\/en\/wp-json\/wp\/v2\/pages\/2099\/revisions\/2431"}],"wp:attachment":[{"href":"https:\/\/kivanccam.com.tr\/en\/wp-json\/wp\/v2\/media?parent=2099"}],"curies":[{"name":"wp","href":"https:\/\/api.w.org\/{rel}","templated":true}]}}