{"id":2113,"date":"2025-10-17T13:13:59","date_gmt":"2025-10-17T13:13:59","guid":{"rendered":"https:\/\/kivanccam.com.tr\/?page_id=2113"},"modified":"2025-10-20T16:00:17","modified_gmt":"2025-10-20T13:00:17","slug":"general-information-notice","status":"publish","type":"page","link":"https:\/\/kivanccam.com.tr\/en\/general-information-notice\/","title":{"rendered":"General information notice"},"content":{"rendered":"\t\t<div data-elementor-type=\"wp-page\" data-elementor-id=\"2113\" class=\"elementor elementor-2113\" data-elementor-settings=\"{&quot;element_pack_global_tooltip_width&quot;:{&quot;unit&quot;:&quot;px&quot;,&quot;size&quot;:&quot;&quot;,&quot;sizes&quot;:[]},&quot;element_pack_global_tooltip_width_tablet&quot;:{&quot;unit&quot;:&quot;px&quot;,&quot;size&quot;:&quot;&quot;,&quot;sizes&quot;:[]},&quot;element_pack_global_tooltip_width_mobile&quot;:{&quot;unit&quot;:&quot;px&quot;,&quot;size&quot;:&quot;&quot;,&quot;sizes&quot;:[]},&quot;element_pack_global_tooltip_padding&quot;:{&quot;unit&quot;:&quot;px&quot;,&quot;top&quot;:&quot;&quot;,&quot;right&quot;:&quot;&quot;,&quot;bottom&quot;:&quot;&quot;,&quot;left&quot;:&quot;&quot;,&quot;isLinked&quot;:true},&quot;element_pack_global_tooltip_padding_tablet&quot;:{&quot;unit&quot;:&quot;px&quot;,&quot;top&quot;:&quot;&quot;,&quot;right&quot;:&quot;&quot;,&quot;bottom&quot;:&quot;&quot;,&quot;left&quot;:&quot;&quot;,&quot;isLinked&quot;:true},&quot;element_pack_global_tooltip_padding_mobile&quot;:{&quot;unit&quot;:&quot;px&quot;,&quot;top&quot;:&quot;&quot;,&quot;right&quot;:&quot;&quot;,&quot;bottom&quot;:&quot;&quot;,&quot;left&quot;:&quot;&quot;,&quot;isLinked&quot;:true},&quot;element_pack_global_tooltip_border_radius&quot;:{&quot;unit&quot;:&quot;px&quot;,&quot;top&quot;:&quot;&quot;,&quot;right&quot;:&quot;&quot;,&quot;bottom&quot;:&quot;&quot;,&quot;left&quot;:&quot;&quot;,&quot;isLinked&quot;:true},&quot;element_pack_global_tooltip_border_radius_tablet&quot;:{&quot;unit&quot;:&quot;px&quot;,&quot;top&quot;:&quot;&quot;,&quot;right&quot;:&quot;&quot;,&quot;bottom&quot;:&quot;&quot;,&quot;left&quot;:&quot;&quot;,&quot;isLinked&quot;:true},&quot;element_pack_global_tooltip_border_radius_mobile&quot;:{&quot;unit&quot;:&quot;px&quot;,&quot;top&quot;:&quot;&quot;,&quot;right&quot;:&quot;&quot;,&quot;bottom&quot;:&quot;&quot;,&quot;left&quot;:&quot;&quot;,&quot;isLinked&quot;:true}}\" data-elementor-post-type=\"page\">\n\t\t\t\t\t\t<section class=\"elementor-section elementor-top-section elementor-element elementor-element-4c88599 elementor-section-full_width elementor-section-height-default elementor-section-height-default\" data-id=\"4c88599\" data-element_type=\"section\" data-settings=\"{&quot;background_background&quot;:&quot;classic&quot;}\">\n\t\t\t\t\t\t\t<div class=\"elementor-background-overlay\"><\/div>\n\t\t\t\t\t\t\t<div class=\"elementor-container elementor-column-gap-default\">\n\t\t\t\t\t<div class=\"elementor-column elementor-col-100 elementor-top-column elementor-element elementor-element-e3507fb\" data-id=\"e3507fb\" data-element_type=\"column\">\n\t\t\t<div class=\"elementor-widget-wrap elementor-element-populated\">\n\t\t\t\t\t\t<div class=\"elementor-element elementor-element-9262d47 elementor-widget elementor-widget-heading\" data-id=\"9262d47\" data-element_type=\"widget\" data-widget_type=\"heading.default\">\n\t\t\t\t\t<h2 class=\"elementor-heading-title elementor-size-default\">General Information Notice<\/h2>\t\t\t\t<\/div>\n\t\t\t\t<div class=\"elementor-element elementor-element-e595812 elementor-icon-list--layout-inline elementor-align-center elementor-list-item-link-full_width elementor-widget elementor-widget-icon-list\" data-id=\"e595812\" data-element_type=\"widget\" data-widget_type=\"icon-list.default\">\n\t\t\t\t\t\t\t<ul class=\"elementor-icon-list-items elementor-inline-items\">\n\t\t\t\t\t\t\t<li class=\"elementor-icon-list-item elementor-inline-item\">\n\t\t\t\t\t\t\t\t\t\t\t<a href=\"https:\/\/kivanccam.com.tr\/en\/\">\n\n\t\t\t\t\t\t\t\t\t\t\t<span class=\"elementor-icon-list-text\">Home<\/span>\n\t\t\t\t\t\t\t\t\t\t\t<\/a>\n\t\t\t\t\t\t\t\t\t<\/li>\n\t\t\t\t\t\t\t\t<li class=\"elementor-icon-list-item elementor-inline-item\">\n\t\t\t\t\t\t\t\t\t\t\t<span class=\"elementor-icon-list-icon\">\n\t\t\t\t\t\t\t<svg aria-hidden=\"true\" class=\"e-font-icon-svg e-fas-angle-double-right\" viewBox=\"0 0 448 512\" xmlns=\"http:\/\/www.w3.org\/2000\/svg\"><path d=\"M224.3 273l-136 136c-9.4 9.4-24.6 9.4-33.9 0l-22.6-22.6c-9.4-9.4-9.4-24.6 0-33.9l96.4-96.4-96.4-96.4c-9.4-9.4-9.4-24.6 0-33.9L54.3 103c9.4-9.4 24.6-9.4 33.9 0l136 136c9.5 9.4 9.5 24.6.1 34zm192-34l-136-136c-9.4-9.4-24.6-9.4-33.9 0l-22.6 22.6c-9.4 9.4-9.4 24.6 0 33.9l96.4 96.4-96.4 96.4c-9.4 9.4-9.4 24.6 0 33.9l22.6 22.6c9.4 9.4 24.6 9.4 33.9 0l136-136c9.4-9.2 9.4-24.4 0-33.8z\"><\/path><\/svg>\t\t\t\t\t\t<\/span>\n\t\t\t\t\t\t\t\t\t\t<span class=\"elementor-icon-list-text\"><\/span>\n\t\t\t\t\t\t\t\t\t<\/li>\n\t\t\t\t\t\t\t\t<li class=\"elementor-icon-list-item elementor-inline-item\">\n\t\t\t\t\t\t\t\t\t\t\t<a href=\"https:\/\/kivanccam.com.tr\/en\/general-information-notice\/\">\n\n\t\t\t\t\t\t\t\t\t\t\t<span class=\"elementor-icon-list-text\">General information Notice<\/span>\n\t\t\t\t\t\t\t\t\t\t\t<\/a>\n\t\t\t\t\t\t\t\t\t<\/li>\n\t\t\t\t\t\t<\/ul>\n\t\t\t\t\t\t<\/div>\n\t\t\t\t\t<\/div>\n\t\t<\/div>\n\t\t\t\t\t<\/div>\n\t\t<\/section>\n\t\t\t\t<section class=\"elementor-section elementor-top-section elementor-element elementor-element-389c25de elementor-section-boxed elementor-section-height-default elementor-section-height-default\" data-id=\"389c25de\" data-element_type=\"section\">\n\t\t\t\t\t\t<div class=\"elementor-container elementor-column-gap-wider\">\n\t\t\t\t\t<div class=\"elementor-column elementor-col-100 elementor-top-column elementor-element elementor-element-1c9f66e4\" data-id=\"1c9f66e4\" data-element_type=\"column\">\n\t\t\t<div class=\"elementor-widget-wrap elementor-element-populated\">\n\t\t\t\t\t\t<div class=\"elementor-element elementor-element-749c1aa4 elementor-widget elementor-widget-bdt-advanced-heading\" data-id=\"749c1aa4\" data-element_type=\"widget\" data-widget_type=\"bdt-advanced-heading.default\">\n\t\t\t\t\t<div id=\"749c1aa4\" class=\"bdt-ep-advanced-heading\" data-settings=\"{&quot;titleMultiColor&quot;:&quot;no&quot;}\"><h2 class=\"bdt-ep-advanced-heading-title\"><span class=\"bdt-ep-advanced-heading-main-title\"><span class=\"bdt-ep-advanced-heading-main-title-inner\">General Information Notice<\/span><\/span><\/h2><\/div>\t\t\t\t<\/div>\n\t\t\t\t<div class=\"elementor-element elementor-element-64a9376 elementor-widget elementor-widget-text-editor\" data-id=\"64a9376\" data-element_type=\"widget\" data-widget_type=\"text-editor.default\">\n\t\t\t\t\t\t\t\t\t<p><strong><span style=\"color: #000000;\">1. Data Controller<\/span><\/strong><\/p><p>In accordance with the Personal Data Protection Law No. 6698 (KVKK), your personal data is processed by K\u0131van\u00e7 Cam as the data controller within the scope described below.<\/p><p><strong><span style=\"color: #000000;\">K\u0131van\u00e7 Cam<\/span><\/strong><br \/>Address: Karma OSB Mah. 1. Cadde No:6 \u0130\u00e7 Kap\u0131 No:1 Merkez \/ U\u015eAK<br \/>Telephone: 0850 850 1 226 \u2013 0276 213 13 14<br \/>Email: info@kivanccam.com.tr<\/p>\t\t\t\t\t\t\t\t<\/div>\n\t\t\t\t<div class=\"elementor-element elementor-element-b36dff6 elementor-widget elementor-widget-text-editor\" data-id=\"b36dff6\" data-element_type=\"widget\" data-widget_type=\"text-editor.default\">\n\t\t\t\t\t\t\t\t\t<p><strong><span style=\"color: #000000;\">2. Purposes of Processing Personal Data<\/span><\/strong><\/p><p>Your personal data is processed for the following purposes within the scope of the Company&#8217;s activities:<\/p><p>To provide products and services, and to carry out quotation, order, delivery and invoicing processes,<\/p><p>To manage customer, supplier and employee relations,<\/p><p>Conducting finance, accounting, and human resources operations,<\/p><p>Creating visitor records and ensuring workplace security,<\/p><p>Fulfilling legal obligations,<\/p><p>Conducting Company activities in compliance with legislation,<\/p><p>Ensuring communication activities and customer satisfaction,<\/p><p>Conducting legal proceedings and using data as evidence where necessary.<\/p>\t\t\t\t\t\t\t\t<\/div>\n\t\t\t\t<div class=\"elementor-element elementor-element-6c3e098 elementor-widget elementor-widget-text-editor\" data-id=\"6c3e098\" data-element_type=\"widget\" data-widget_type=\"text-editor.default\">\n\t\t\t\t\t\t\t\t\t<p><strong><span style=\"color: #000000;\">3. Categories of Personal Data Processed<\/span><\/strong><\/p><p>Your personal data may be processed in the following categories:<\/p><p>Identity information (name, surname, Turkish ID number, etc.)<\/p><p>Contact information (address, telephone number, email address)<\/p><p>Financial information (bank, invoice, payment details)<\/p><p>Visual and audio data (camera recordings, photographs, etc.)<\/p><p>Customer transaction information (orders, requests, offers, service records)<\/p><p>Employee or candidate information (CV, references, education details)<\/p>\t\t\t\t\t\t\t\t<\/div>\n\t\t\t\t<div class=\"elementor-element elementor-element-4cef72d elementor-widget elementor-widget-text-editor\" data-id=\"4cef72d\" data-element_type=\"widget\" data-widget_type=\"text-editor.default\">\n\t\t\t\t\t\t\t\t\t<p><strong><span style=\"color: #000000;\">4. Transfer of Personal Data<\/span><\/strong><\/p><p>Your personal data may only be shared with the following parties within the scope of legal requirements and business necessity:<\/p><p>Authorised public institutions and organisations,<\/p><p>Suppliers, business partners and service providers (e.g. accounting, legal, shipping, IT, security, etc.),<\/p><p>Banks, insurance companies and financial advisors,<\/p><p>Legal authorities or supervisory bodies.<\/p><p>Such sharing is carried out in accordance with Articles 8 and 9 of the Personal Data Protection Law, with appropriate data security measures in place.<\/p>\t\t\t\t\t\t\t\t<\/div>\n\t\t\t\t<div class=\"elementor-element elementor-element-7d65c94 elementor-widget elementor-widget-text-editor\" data-id=\"7d65c94\" data-element_type=\"widget\" data-widget_type=\"text-editor.default\">\n\t\t\t\t\t\t\t\t\t<p><strong><span style=\"color: #000000;\">5. Method of Collection and Legal Grounds for Personal Data<\/span><\/strong><\/p><p>Your personal data is collected through channels such as:<\/p><p>Website, telephone, email, contract, invoice, delivery note, visitor logbook, camera system, human resources forms,<\/p><p>Using fully or partially automated methods or in a physical environment,<br \/>for the following legal grounds:<\/p><p>Explicitly stipulated by law,<\/p><p>Directly related to the establishment or performance of a contract,<\/p><p>Fulfilment of a legal obligation,<\/p><p>Establishment, exercise, or protection of a right,<\/p><p>Explicit consent of the data subject.<\/p>\t\t\t\t\t\t\t\t<\/div>\n\t\t\t\t<div class=\"elementor-element elementor-element-79a9c85 elementor-widget elementor-widget-text-editor\" data-id=\"79a9c85\" data-element_type=\"widget\" data-widget_type=\"text-editor.default\">\n\t\t\t\t\t\t\t\t\t<p><strong><span style=\"color: #000000;\">6. Rights of the Data Subject<\/span><\/strong><\/p><p>As data subjects under Article 11 of the KVKK, you have the following rights:<\/p><p>To learn whether your personal data has been processed,<\/p><p>To request information about the processing if it has been processed,<\/p><p>To learn the purpose of the processing and whether it is being used for that purpose,<\/p><p>To know the third parties to whom the data has been transferred,<\/p><p>To request the correction of incomplete or incorrect data,<\/p><p>To request the deletion or destruction of data within the framework of the conditions stipulated by the KVKK,<\/p><p>To request that these actions be communicated to third parties to whom the data has been transferred,<\/p><p>To object to any adverse outcome resulting from analysis by automated systems,<\/p><p>To request compensation for any damage suffered.<\/p>\t\t\t\t\t\t\t\t<\/div>\n\t\t\t\t<div class=\"elementor-element elementor-element-d36bac4 elementor-widget elementor-widget-text-editor\" data-id=\"d36bac4\" data-element_type=\"widget\" data-widget_type=\"text-editor.default\">\n\t\t\t\t\t\t\t\t\t<p><strong><span style=\"color: #000000;\">7. Application Method<\/span><\/strong><\/p><p>You may submit your requests regarding your rights in writing or via registered electronic mail (KEP), secure electronic signature or e-mail using the following contact details:<\/p><p>Address: Karma OSB Mah. 1. Cadde No:6 \u0130\u00e7 Kap\u0131 No:1 Merkez \/ U\u015eAK<br \/>E-mail: info@kivanccam.com.tr<br \/>Telephone: 0850 850 1 226<\/p><p>Your applications will be processed free of charge within 30 days at the latest, in accordance with the KVKK.<\/p>\t\t\t\t\t\t\t\t<\/div>\n\t\t\t\t<div class=\"elementor-element elementor-element-9279576 elementor-widget elementor-widget-text-editor\" data-id=\"9279576\" data-element_type=\"widget\" data-widget_type=\"text-editor.default\">\n\t\t\t\t\t\t\t\t\t<p><strong><span style=\"color: #000000;\">8. Effective Date<\/span><\/strong><\/p><p>This General Information Notice came into effect on the date of its publication.<br \/>K\u0131van\u00e7 Cam reserves the right to update this notice as deemed necessary.<\/p>\t\t\t\t\t\t\t\t<\/div>\n\t\t\t\t<div class=\"elementor-element elementor-element-63999a3d elementor-align-left elementor-widget elementor-widget-bdt-advanced-button\" data-id=\"63999a3d\" data-element_type=\"widget\" data-widget_type=\"bdt-advanced-button.default\">\n\t\t\t\t\t\t\t<div class=\"bdt-ep-button-wrapper\">\n\t\t\t<a href=\"https:\/\/kivanccam.com.tr\/en\/contact\/\" class=\"bdt-ep-button bdt-ep-button-effect-a bdt-ep-button-size-md\">\n\t\t\t\t\t\t<div class=\"bdt-ep-button-content-wrapper bdt-flex bdt-flex-middle bdt-flex-center  \" data-text=\"Get in touch\">\n\t\t\t\n\t\t\t<div class=\"bdt-ep-button-text\">\n\n\t\t\t\t<span class=\"avdbtn-text\">\n\t\t\t\t\tGet in touch\t\t\t\t<\/span>\n\n\t\t\t\t\t\t\t<\/div>\n\n\t\t\t\n\t\t<\/div>\n\t\t\t\t\t<\/a>\n\t\t<\/div>\n\t\t\t\t\t\t<\/div>\n\t\t\t\t\t<\/div>\n\t\t<\/div>\n\t\t\t\t\t<\/div>\n\t\t<\/section>\n\t\t\t\t<\/div>\n\t\t","protected":false},"excerpt":{"rendered":"<p>General Information Notice Home General information Notice General Information Notice 1. Data Controller In accordance with the Personal Data Protection Law No. 6698 (KVKK), your personal data is processed by K\u0131van\u00e7 Cam as the data controller within the scope described below. K\u0131van\u00e7 CamAddress: Karma OSB Mah. 1. Cadde No:6 \u0130\u00e7 Kap\u0131 No:1 Merkez \/ U\u015eAKTelephone: [&hellip;]<\/p>\n","protected":false},"author":1,"featured_media":0,"parent":0,"menu_order":0,"comment_status":"closed","ping_status":"closed","template":"elementor_header_footer","meta":{"footnotes":""},"class_list":["post-2113","page","type-page","status-publish","hentry"],"_links":{"self":[{"href":"https:\/\/kivanccam.com.tr\/en\/wp-json\/wp\/v2\/pages\/2113","targetHints":{"allow":["GET"]}}],"collection":[{"href":"https:\/\/kivanccam.com.tr\/en\/wp-json\/wp\/v2\/pages"}],"about":[{"href":"https:\/\/kivanccam.com.tr\/en\/wp-json\/wp\/v2\/types\/page"}],"author":[{"embeddable":true,"href":"https:\/\/kivanccam.com.tr\/en\/wp-json\/wp\/v2\/users\/1"}],"replies":[{"embeddable":true,"href":"https:\/\/kivanccam.com.tr\/en\/wp-json\/wp\/v2\/comments?post=2113"}],"version-history":[{"count":8,"href":"https:\/\/kivanccam.com.tr\/en\/wp-json\/wp\/v2\/pages\/2113\/revisions"}],"predecessor-version":[{"id":2427,"href":"https:\/\/kivanccam.com.tr\/en\/wp-json\/wp\/v2\/pages\/2113\/revisions\/2427"}],"wp:attachment":[{"href":"https:\/\/kivanccam.com.tr\/en\/wp-json\/wp\/v2\/media?parent=2113"}],"curies":[{"name":"wp","href":"https:\/\/api.w.org\/{rel}","templated":true}]}}