{"id":364,"date":"2025-09-03T21:26:58","date_gmt":"2025-09-03T21:26:58","guid":{"rendered":"https:\/\/kivanccam.com.tr\/?page_id=364"},"modified":"2025-10-20T21:27:23","modified_gmt":"2025-10-20T18:27:23","slug":"our-projects","status":"publish","type":"page","link":"https:\/\/kivanccam.com.tr\/en\/our-projects\/","title":{"rendered":"Our projects"},"content":{"rendered":"\t\t<div data-elementor-type=\"wp-page\" data-elementor-id=\"364\" class=\"elementor elementor-364\" data-elementor-settings=\"{&quot;element_pack_global_tooltip_width&quot;:{&quot;unit&quot;:&quot;px&quot;,&quot;size&quot;:&quot;&quot;,&quot;sizes&quot;:[]},&quot;element_pack_global_tooltip_width_tablet&quot;:{&quot;unit&quot;:&quot;px&quot;,&quot;size&quot;:&quot;&quot;,&quot;sizes&quot;:[]},&quot;element_pack_global_tooltip_width_mobile&quot;:{&quot;unit&quot;:&quot;px&quot;,&quot;size&quot;:&quot;&quot;,&quot;sizes&quot;:[]},&quot;element_pack_global_tooltip_padding&quot;:{&quot;unit&quot;:&quot;px&quot;,&quot;top&quot;:&quot;&quot;,&quot;right&quot;:&quot;&quot;,&quot;bottom&quot;:&quot;&quot;,&quot;left&quot;:&quot;&quot;,&quot;isLinked&quot;:true},&quot;element_pack_global_tooltip_padding_tablet&quot;:{&quot;unit&quot;:&quot;px&quot;,&quot;top&quot;:&quot;&quot;,&quot;right&quot;:&quot;&quot;,&quot;bottom&quot;:&quot;&quot;,&quot;left&quot;:&quot;&quot;,&quot;isLinked&quot;:true},&quot;element_pack_global_tooltip_padding_mobile&quot;:{&quot;unit&quot;:&quot;px&quot;,&quot;top&quot;:&quot;&quot;,&quot;right&quot;:&quot;&quot;,&quot;bottom&quot;:&quot;&quot;,&quot;left&quot;:&quot;&quot;,&quot;isLinked&quot;:true},&quot;element_pack_global_tooltip_border_radius&quot;:{&quot;unit&quot;:&quot;px&quot;,&quot;top&quot;:&quot;&quot;,&quot;right&quot;:&quot;&quot;,&quot;bottom&quot;:&quot;&quot;,&quot;left&quot;:&quot;&quot;,&quot;isLinked&quot;:true},&quot;element_pack_global_tooltip_border_radius_tablet&quot;:{&quot;unit&quot;:&quot;px&quot;,&quot;top&quot;:&quot;&quot;,&quot;right&quot;:&quot;&quot;,&quot;bottom&quot;:&quot;&quot;,&quot;left&quot;:&quot;&quot;,&quot;isLinked&quot;:true},&quot;element_pack_global_tooltip_border_radius_mobile&quot;:{&quot;unit&quot;:&quot;px&quot;,&quot;top&quot;:&quot;&quot;,&quot;right&quot;:&quot;&quot;,&quot;bottom&quot;:&quot;&quot;,&quot;left&quot;:&quot;&quot;,&quot;isLinked&quot;:true}}\" data-elementor-post-type=\"page\">\n\t\t\t\t\t\t<section class=\"elementor-section elementor-top-section elementor-element elementor-element-199aebc7 elementor-section-full_width elementor-section-height-default elementor-section-height-default\" data-id=\"199aebc7\" data-element_type=\"section\" data-settings=\"{&quot;background_background&quot;:&quot;classic&quot;}\">\n\t\t\t\t\t\t\t<div class=\"elementor-background-overlay\"><\/div>\n\t\t\t\t\t\t\t<div class=\"elementor-container elementor-column-gap-default\">\n\t\t\t\t\t<div class=\"elementor-column elementor-col-100 elementor-top-column elementor-element elementor-element-23f1f209\" data-id=\"23f1f209\" data-element_type=\"column\">\n\t\t\t<div class=\"elementor-widget-wrap elementor-element-populated\">\n\t\t\t\t\t\t<div class=\"elementor-element elementor-element-58461596 elementor-widget elementor-widget-heading\" data-id=\"58461596\" data-element_type=\"widget\" data-widget_type=\"heading.default\">\n\t\t\t\t\t<h2 class=\"elementor-heading-title elementor-size-default\">Our Projects<\/h2>\t\t\t\t<\/div>\n\t\t\t\t<div class=\"elementor-element elementor-element-1c736a6 elementor-icon-list--layout-inline elementor-align-center elementor-list-item-link-full_width elementor-widget elementor-widget-icon-list\" data-id=\"1c736a6\" data-element_type=\"widget\" data-widget_type=\"icon-list.default\">\n\t\t\t\t\t\t\t<ul class=\"elementor-icon-list-items elementor-inline-items\">\n\t\t\t\t\t\t\t<li class=\"elementor-icon-list-item elementor-inline-item\">\n\t\t\t\t\t\t\t\t\t\t\t<a href=\"https:\/\/kivanccam.com.tr\/en\/\">\n\n\t\t\t\t\t\t\t\t\t\t\t<span class=\"elementor-icon-list-text\">Home<\/span>\n\t\t\t\t\t\t\t\t\t\t\t<\/a>\n\t\t\t\t\t\t\t\t\t<\/li>\n\t\t\t\t\t\t\t\t<li class=\"elementor-icon-list-item elementor-inline-item\">\n\t\t\t\t\t\t\t\t\t\t\t<span class=\"elementor-icon-list-icon\">\n\t\t\t\t\t\t\t<svg aria-hidden=\"true\" class=\"e-font-icon-svg e-fas-angle-double-right\" viewBox=\"0 0 448 512\" xmlns=\"http:\/\/www.w3.org\/2000\/svg\"><path d=\"M224.3 273l-136 136c-9.4 9.4-24.6 9.4-33.9 0l-22.6-22.6c-9.4-9.4-9.4-24.6 0-33.9l96.4-96.4-96.4-96.4c-9.4-9.4-9.4-24.6 0-33.9L54.3 103c9.4-9.4 24.6-9.4 33.9 0l136 136c9.5 9.4 9.5 24.6.1 34zm192-34l-136-136c-9.4-9.4-24.6-9.4-33.9 0l-22.6 22.6c-9.4 9.4-9.4 24.6 0 33.9l96.4 96.4-96.4 96.4c-9.4 9.4-9.4 24.6 0 33.9l22.6 22.6c9.4 9.4 24.6 9.4 33.9 0l136-136c9.4-9.2 9.4-24.4 0-33.8z\"><\/path><\/svg>\t\t\t\t\t\t<\/span>\n\t\t\t\t\t\t\t\t\t\t<span class=\"elementor-icon-list-text\"><\/span>\n\t\t\t\t\t\t\t\t\t<\/li>\n\t\t\t\t\t\t\t\t<li class=\"elementor-icon-list-item elementor-inline-item\">\n\t\t\t\t\t\t\t\t\t\t\t<a href=\"https:\/\/kivanccam.com.tr\/en\/our-projects\/\">\n\n\t\t\t\t\t\t\t\t\t\t\t<span class=\"elementor-icon-list-text\">Our Projects<\/span>\n\t\t\t\t\t\t\t\t\t\t\t<\/a>\n\t\t\t\t\t\t\t\t\t<\/li>\n\t\t\t\t\t\t<\/ul>\n\t\t\t\t\t\t<\/div>\n\t\t\t\t\t<\/div>\n\t\t<\/div>\n\t\t\t\t\t<\/div>\n\t\t<\/section>\n\t\t<div class=\"elementor-element elementor-element-47bb85e0 e-flex e-con-boxed e-con e-parent\" data-id=\"47bb85e0\" data-element_type=\"container\" data-settings=\"{&quot;background_background&quot;:&quot;classic&quot;}\">\n\t\t\t\t\t<div class=\"e-con-inner\">\n\t\t\t\t<div class=\"elementor-element elementor-element-5e3c9392 bdt-ep-shadow-mode-yes elementor-widget__width-initial elementor-widget elementor-widget-bdt-marquee\" data-id=\"5e3c9392\" data-element_type=\"widget\" data-settings=\"{&quot;marquee_type_text&quot;:[{&quot;marquee_content&quot;:&quot;\\u272e\\u22c6\\u02d9 Trust in glass, quality in our work.&quot;,&quot;_id&quot;:&quot;b5b9ead&quot;,&quot;marquee_link&quot;:{&quot;url&quot;:&quot;&quot;,&quot;is_external&quot;:true,&quot;nofollow&quot;:true,&quot;custom_attributes&quot;:&quot;&quot;},&quot;marquee_color&quot;:&quot;&quot;,&quot;marquee_bg_color&quot;:&quot;&quot;},{&quot;marquee_content&quot;:&quot;\\u272e\\u22c6\\u02d9 Durability and aesthetics combined.&quot;,&quot;_id&quot;:&quot;d34a076&quot;,&quot;marquee_link&quot;:{&quot;url&quot;:&quot;&quot;,&quot;is_external&quot;:true,&quot;nofollow&quot;:true,&quot;custom_attributes&quot;:&quot;&quot;},&quot;marquee_color&quot;:&quot;&quot;,&quot;marquee_bg_color&quot;:&quot;&quot;},{&quot;marquee_content&quot;:&quot;\\u272e\\u22c6\\u02d9 Quality in glass, value for the future.&quot;,&quot;_id&quot;:&quot;53478b4&quot;,&quot;marquee_link&quot;:{&quot;url&quot;:&quot;&quot;,&quot;is_external&quot;:true,&quot;nofollow&quot;:true,&quot;custom_attributes&quot;:&quot;&quot;},&quot;marquee_color&quot;:&quot;&quot;,&quot;marquee_bg_color&quot;:&quot;&quot;},{&quot;marquee_content&quot;:&quot;\\u272e\\u22c6\\u02d9 Every window is a reflection of trust.&quot;,&quot;_id&quot;:&quot;5fd60d4&quot;,&quot;marquee_link&quot;:{&quot;url&quot;:&quot;&quot;,&quot;is_external&quot;:true,&quot;nofollow&quot;:true,&quot;custom_attributes&quot;:&quot;&quot;},&quot;marquee_color&quot;:&quot;&quot;,&quot;marquee_bg_color&quot;:&quot;&quot;},{&quot;marquee_content&quot;:&quot;\\u272e\\u22c6\\u02d9 Trust in glass, quality in solutions!&quot;,&quot;_id&quot;:&quot;f202bd4&quot;,&quot;marquee_link&quot;:{&quot;url&quot;:&quot;&quot;,&quot;is_external&quot;:true,&quot;nofollow&quot;:true,&quot;custom_attributes&quot;:&quot;&quot;},&quot;marquee_color&quot;:&quot;&quot;,&quot;marquee_bg_color&quot;:&quot;&quot;}],&quot;marquee_item_spacing&quot;:{&quot;unit&quot;:&quot;px&quot;,&quot;size&quot;:90,&quot;sizes&quot;:[]},&quot;marquee_speed&quot;:30,&quot;marquee_pause_on_hover&quot;:&quot;yes&quot;,&quot;marquee_draggable&quot;:&quot;yes&quot;,&quot;marquee_type&quot;:&quot;text&quot;,&quot;marquee_item_spacing_tablet&quot;:{&quot;unit&quot;:&quot;px&quot;,&quot;size&quot;:&quot;&quot;,&quot;sizes&quot;:[]},&quot;marquee_item_spacing_mobile&quot;:{&quot;unit&quot;:&quot;px&quot;,&quot;size&quot;:&quot;&quot;,&quot;sizes&quot;:[]},&quot;marquee_direction&quot;:&quot;left&quot;}\" data-widget_type=\"bdt-marquee.default\">\n\t\t\t\t\t\n\n\t\t<div id=\"bdt-marque-5e3c9392\" class=\"bdt-marquee marquee-type-text\">\n\t\t\t\t\t\t\t\t\n\t\t\t\t\t<div class=\"marquee-content marquee-text\" >\n\n\n\t\t\t\t\t\t<span class=\"marquee-title\" >\u272e\u22c6\u02d9 Trust in glass, quality in our work.<\/span>\t\t\t\t\t<\/div>\n\n\t\t\t\n\t\t\t\t\t<div class=\"marquee-content marquee-text\" >\n\n\n\t\t\t\t\t\t<span class=\"marquee-title\" >\u272e\u22c6\u02d9 Durability and aesthetics combined.<\/span>\t\t\t\t\t<\/div>\n\n\t\t\t\n\t\t\t\t\t<div class=\"marquee-content marquee-text\" >\n\n\n\t\t\t\t\t\t<span class=\"marquee-title\" >\u272e\u22c6\u02d9 Quality in glass, value for the future.<\/span>\t\t\t\t\t<\/div>\n\n\t\t\t\n\t\t\t\t\t<div class=\"marquee-content marquee-text\" >\n\n\n\t\t\t\t\t\t<span class=\"marquee-title\" >\u272e\u22c6\u02d9 Every window is a reflection of trust.<\/span>\t\t\t\t\t<\/div>\n\n\t\t\t\n\t\t\t\t\t<div class=\"marquee-content marquee-text\" >\n\n\n\t\t\t\t\t\t<span class=\"marquee-title\" >\u272e\u22c6\u02d9 Trust in glass, quality in solutions!<\/span>\t\t\t\t\t<\/div>\n\n\t\t\t\t\t\n\t\t\n\t\t\t<\/div>\n\t\t\t\t<\/div>\n\t\t\t\t\t<\/div>\n\t\t\t\t<\/div>\n\t\t\t\t<section class=\"elementor-section elementor-top-section elementor-element elementor-element-6ece8333 elementor-section-boxed elementor-section-height-default elementor-section-height-default\" data-id=\"6ece8333\" data-element_type=\"section\" data-settings=\"{&quot;background_background&quot;:&quot;classic&quot;}\">\n\t\t\t\t\t\t<div class=\"elementor-container elementor-column-gap-default\">\n\t\t\t\t\t<div class=\"elementor-column elementor-col-100 elementor-top-column elementor-element elementor-element-7dae32a3\" data-id=\"7dae32a3\" data-element_type=\"column\">\n\t\t\t<div class=\"elementor-widget-wrap elementor-element-populated\">\n\t\t\t\t\t\t<div class=\"elementor-section elementor-inner-section elementor-element elementor-element-6cb90c23 elementor-section-boxed elementor-section-height-default elementor-section-height-default\" data-id=\"6cb90c23\" data-element_type=\"section\">\n\t\t\t\t\t\t<div class=\"elementor-container elementor-column-gap-default\">\n\t\t\t\t\t<div class=\"elementor-column elementor-col-100 elementor-inner-column elementor-element elementor-element-649d082c\" data-id=\"649d082c\" data-element_type=\"column\">\n\t\t\t<div class=\"elementor-widget-wrap elementor-element-populated\">\n\t\t\t\t\t\t<div class=\"elementor-element elementor-element-2ac62301 bdt-carousel-style-coverflow bdt-item-match-height--yes bdt-navigation-type-arrows elementor-widget elementor-widget-bdt-product-carousel\" data-id=\"2ac62301\" data-element_type=\"widget\" data-widget_type=\"bdt-product-carousel.default\">\n\t\t\t\t\t\t\t\t<div id=\"bdt-product-carousel-2ac62301\" class=\"bdt-arrows-align-center bdt-ep-product-carousel\" data-settings=\"{&quot;autoplay&quot;:{&quot;delay&quot;:3000,&quot;disableOnInteraction&quot;:false},&quot;loop&quot;:true,&quot;speed&quot;:500,&quot;slidesPerView&quot;:1,&quot;slidesPerGroup&quot;:1,&quot;effect&quot;:&quot;coverflow&quot;,&quot;breakpoints&quot;:{&quot;767&quot;:{&quot;slidesPerView&quot;:2,&quot;spaceBetween&quot;:0,&quot;slidesPerGroup&quot;:1},&quot;1023&quot;:{&quot;slidesPerView&quot;:3,&quot;spaceBetween&quot;:50,&quot;slidesPerGroup&quot;:1}},&quot;navigation&quot;:{&quot;nextEl&quot;:&quot;#bdt-product-carousel-2ac62301 .bdt-navigation-next&quot;,&quot;prevEl&quot;:&quot;#bdt-product-carousel-2ac62301 .bdt-navigation-prev&quot;},&quot;pagination&quot;:{&quot;el&quot;:&quot;#bdt-product-carousel-2ac62301 .swiper-pagination&quot;,&quot;type&quot;:&quot;&quot;,&quot;clickable&quot;:&quot;true&quot;,&quot;dynamicBullets&quot;:false},&quot;scrollbar&quot;:{&quot;el&quot;:&quot;#bdt-product-carousel-2ac62301 .swiper-scrollbar&quot;,&quot;hide&quot;:&quot;true&quot;},&quot;coverflowEffect&quot;:{&quot;rotate&quot;:50,&quot;stretch&quot;:0,&quot;depth&quot;:100,&quot;modifier&quot;:1,&quot;slideShadows&quot;:true}}\">\n\t\t\t\t<div class=\"swiper-carousel swiper\" role=\"region\" aria-roledescription=\"carousel\" aria-label=\"Product Carousel\" dir=\"ltr\">\n\t\t\t\t\t<div class=\"swiper-wrapper\">\n\t\t\t\n\t\t\t\t\t\t\t<div class=\"bdt-ep-product-carousel-item swiper-slide bdt-flex bdt-flex-column\">\n\t\t\t\t\t\t\t\t<div class=\"bdt-ep-product-carousel-image bdt-flex-inline\">\n\n\t\t\t\t<img fetchpriority=\"high\" decoding=\"async\" width=\"800\" height=\"600\" src=\"https:\/\/kivanccam.com.tr\/en\/wp-content\/uploads\/2025\/10\/kivanccam-projeler-img7.webp\" class=\"attachment-full size-full\" alt=\"KIVAN\u00c7 GLASS\" srcset=\"https:\/\/kivanccam.com.tr\/en\/wp-content\/uploads\/2025\/10\/kivanccam-projeler-img7.webp 800w, https:\/\/kivanccam.com.tr\/en\/wp-content\/uploads\/2025\/10\/kivanccam-projeler-img7-300x225.webp 300w, https:\/\/kivanccam.com.tr\/en\/wp-content\/uploads\/2025\/10\/kivanccam-projeler-img7-768x576.webp 768w\" sizes=\"(max-width: 800px) 100vw, 800px\" \/>\n\t\t\t\t\t\t\t<\/div>\n\t\t\t\t\t\t\t\t<div class=\"bdt-ep-product-carousel-content bdt-flex bdt-flex-column bdt-flex-between\">\n\t\t\t\t\t\t<div>\n\t\t\t\t\t\t\t<div class=\"bdt-ep-product-carousel-title-price bdt-flex bdt-flex-middle bdt-flex-between\">\n\t\t\t\t\t\t\t\t\t\t\t\t\t\t\t<h4 class=\"bdt-ep-product-carousel-title\">\n\t\t\t\t\tKIVAN\u00c7 GLASS\t\t\t\t\t\t\t\t\t<\/h4>\n\t\t\t\t\t\t\t\t\t\t\t\t\t\t\t\t\t\t\t\t\t<\/div>\n\t\t\t\t\t\t\t\t\t\t\t\t\t\t\t\t\t\t\t\t\t\t\t\t\t\t\t<div class=\"bdt-ep-product-carousel-readmore-wrap\">\n\t\t\t\t\t<a class=\"bdt-ep-product-carousel-readmore \" href=\"https:\/\/kivanccam.com.tr\/en\/contact\/\">\n\t\t\t\t\t\tContact\t\t\t\t\t\t\t\t\t\t\t<\/a>\n\t\t\t\t<\/div>\n\t\t\t\t\t\t\t\t\t\t\t\t<\/div>\n\t\t\t\t\t\t<div class=\"bdt-ep-product-carousel-rating-time bdt-flex bdt-flex-middle bdt-flex-between bdt-flex-wrap\">\n\t\t\t\t\t\t\t\t\t\t\t\t\t\t\t\t\t\t\t\t<\/div>\n\t\t\t\t\t<\/div>\n\t\t\t\t\t\t\t\t\t\t\t\n\t\t\t\t\t\n\t\t\t\t<\/div>\n\t\t\t\t\t\t\t<div class=\"bdt-ep-product-carousel-item swiper-slide bdt-flex bdt-flex-column\">\n\t\t\t\t\t\t\t\t<div class=\"bdt-ep-product-carousel-image bdt-flex-inline\">\n\n\t\t\t\t<img decoding=\"async\" width=\"800\" height=\"600\" src=\"https:\/\/kivanccam.com.tr\/en\/wp-content\/uploads\/2025\/10\/kivanccam-projeler-img1.webp\" class=\"attachment-full size-full\" alt=\"KIVAN\u00c7 GLASS\" srcset=\"https:\/\/kivanccam.com.tr\/en\/wp-content\/uploads\/2025\/10\/kivanccam-projeler-img1.webp 800w, https:\/\/kivanccam.com.tr\/en\/wp-content\/uploads\/2025\/10\/kivanccam-projeler-img1-300x225.webp 300w, https:\/\/kivanccam.com.tr\/en\/wp-content\/uploads\/2025\/10\/kivanccam-projeler-img1-768x576.webp 768w\" sizes=\"(max-width: 800px) 100vw, 800px\" \/>\n\t\t\t\t\t\t\t<\/div>\n\t\t\t\t\t\t\t\t<div class=\"bdt-ep-product-carousel-content bdt-flex bdt-flex-column bdt-flex-between\">\n\t\t\t\t\t\t<div>\n\t\t\t\t\t\t\t<div class=\"bdt-ep-product-carousel-title-price bdt-flex bdt-flex-middle bdt-flex-between\">\n\t\t\t\t\t\t\t\t\t\t\t\t\t\t\t<h4 class=\"bdt-ep-product-carousel-title\">\n\t\t\t\t\tKIVAN\u00c7 GLASS\t\t\t\t\t\t\t\t\t<\/h4>\n\t\t\t\t\t\t\t\t\t\t\t\t\t\t\t\t\t\t\t\t\t<\/div>\n\t\t\t\t\t\t\t\t\t\t\t\t\t\t\t\t\t\t\t\t\t\t\t\t\t\t\t<div class=\"bdt-ep-product-carousel-readmore-wrap\">\n\t\t\t\t\t<a class=\"bdt-ep-product-carousel-readmore \" href=\"https:\/\/kivanccam.com.tr\/en\/contact\/\">\n\t\t\t\t\t\tContact\t\t\t\t\t\t\t\t\t\t\t<\/a>\n\t\t\t\t<\/div>\n\t\t\t\t\t\t\t\t\t\t\t\t<\/div>\n\t\t\t\t\t\t<div class=\"bdt-ep-product-carousel-rating-time bdt-flex bdt-flex-middle bdt-flex-between bdt-flex-wrap\">\n\t\t\t\t\t\t\t\t\t\t\t\t\t\t\t\t\t\t\t\t<\/div>\n\t\t\t\t\t<\/div>\n\t\t\t\t\t\t\t\t\t\t\t\n\t\t\t\t\t\n\t\t\t\t<\/div>\n\t\t\t\t\t\t\t<div class=\"bdt-ep-product-carousel-item swiper-slide bdt-flex bdt-flex-column\">\n\t\t\t\t\t\t\t\t<div class=\"bdt-ep-product-carousel-image bdt-flex-inline\">\n\n\t\t\t\t<img decoding=\"async\" width=\"800\" height=\"600\" src=\"https:\/\/kivanccam.com.tr\/en\/wp-content\/uploads\/2025\/10\/kivanccam-projeler-img2.webp\" class=\"attachment-full size-full\" alt=\"KIVAN\u00c7 GLASS\" srcset=\"https:\/\/kivanccam.com.tr\/en\/wp-content\/uploads\/2025\/10\/kivanccam-projeler-img2.webp 800w, https:\/\/kivanccam.com.tr\/en\/wp-content\/uploads\/2025\/10\/kivanccam-projeler-img2-300x225.webp 300w, https:\/\/kivanccam.com.tr\/en\/wp-content\/uploads\/2025\/10\/kivanccam-projeler-img2-768x576.webp 768w\" sizes=\"(max-width: 800px) 100vw, 800px\" \/>\n\t\t\t\t\t\t\t<\/div>\n\t\t\t\t\t\t\t\t<div class=\"bdt-ep-product-carousel-content bdt-flex bdt-flex-column bdt-flex-between\">\n\t\t\t\t\t\t<div>\n\t\t\t\t\t\t\t<div class=\"bdt-ep-product-carousel-title-price bdt-flex bdt-flex-middle bdt-flex-between\">\n\t\t\t\t\t\t\t\t\t\t\t\t\t\t\t<h4 class=\"bdt-ep-product-carousel-title\">\n\t\t\t\t\tKIVAN\u00c7 GLASS\t\t\t\t\t\t\t\t\t<\/h4>\n\t\t\t\t\t\t\t\t\t\t\t\t\t\t\t\t\t\t\t\t\t<\/div>\n\t\t\t\t\t\t\t\t\t\t\t\t\t\t\t\t\t\t\t\t\t\t\t\t\t\t\t<div class=\"bdt-ep-product-carousel-readmore-wrap\">\n\t\t\t\t\t<a class=\"bdt-ep-product-carousel-readmore \" href=\"https:\/\/kivanccam.com.tr\/en\/contact\/\">\n\t\t\t\t\t\tContact\t\t\t\t\t\t\t\t\t\t\t<\/a>\n\t\t\t\t<\/div>\n\t\t\t\t\t\t\t\t\t\t\t\t<\/div>\n\t\t\t\t\t\t<div class=\"bdt-ep-product-carousel-rating-time bdt-flex bdt-flex-middle bdt-flex-between bdt-flex-wrap\">\n\t\t\t\t\t\t\t\t\t\t\t\t\t\t\t\t\t\t\t\t<\/div>\n\t\t\t\t\t<\/div>\n\t\t\t\t\t\t\t\t\t\t\t\n\t\t\t\t\t\n\t\t\t\t<\/div>\n\t\t\t\t\t\t\t<div class=\"bdt-ep-product-carousel-item swiper-slide bdt-flex bdt-flex-column\">\n\t\t\t\t\t\t\t\t<div class=\"bdt-ep-product-carousel-image bdt-flex-inline\">\n\n\t\t\t\t<img loading=\"lazy\" decoding=\"async\" width=\"800\" height=\"600\" src=\"https:\/\/kivanccam.com.tr\/en\/wp-content\/uploads\/2025\/10\/kivanccam-projeler-img3.webp\" class=\"attachment-full size-full\" alt=\"KIVAN\u00c7 GLASS\" srcset=\"https:\/\/kivanccam.com.tr\/en\/wp-content\/uploads\/2025\/10\/kivanccam-projeler-img3.webp 800w, https:\/\/kivanccam.com.tr\/en\/wp-content\/uploads\/2025\/10\/kivanccam-projeler-img3-300x225.webp 300w, https:\/\/kivanccam.com.tr\/en\/wp-content\/uploads\/2025\/10\/kivanccam-projeler-img3-768x576.webp 768w\" sizes=\"(max-width: 800px) 100vw, 800px\" \/>\n\t\t\t\t\t\t\t<\/div>\n\t\t\t\t\t\t\t\t<div class=\"bdt-ep-product-carousel-content bdt-flex bdt-flex-column bdt-flex-between\">\n\t\t\t\t\t\t<div>\n\t\t\t\t\t\t\t<div class=\"bdt-ep-product-carousel-title-price bdt-flex bdt-flex-middle bdt-flex-between\">\n\t\t\t\t\t\t\t\t\t\t\t\t\t\t\t<h4 class=\"bdt-ep-product-carousel-title\">\n\t\t\t\t\tKIVAN\u00c7 GLASS\t\t\t\t\t\t\t\t\t<\/h4>\n\t\t\t\t\t\t\t\t\t\t\t\t\t\t\t\t\t\t\t\t\t<\/div>\n\t\t\t\t\t\t\t\t\t\t\t\t\t\t\t\t\t\t\t\t\t\t\t\t\t\t\t<div class=\"bdt-ep-product-carousel-readmore-wrap\">\n\t\t\t\t\t<a class=\"bdt-ep-product-carousel-readmore \" href=\"https:\/\/kivanccam.com.tr\/en\/contact\/\">\n\t\t\t\t\t\tContact\t\t\t\t\t\t\t\t\t\t\t<\/a>\n\t\t\t\t<\/div>\n\t\t\t\t\t\t\t\t\t\t\t\t<\/div>\n\t\t\t\t\t\t<div class=\"bdt-ep-product-carousel-rating-time bdt-flex bdt-flex-middle bdt-flex-between bdt-flex-wrap\">\n\t\t\t\t\t\t\t\t\t\t\t\t\t\t\t\t\t\t\t\t<\/div>\n\t\t\t\t\t<\/div>\n\t\t\t\t\t\t\t\t\t\t\t\n\t\t\t\t\t\n\t\t\t\t<\/div>\n\t\t\t\t\t\t\t<div class=\"bdt-ep-product-carousel-item swiper-slide bdt-flex bdt-flex-column\">\n\t\t\t\t\t\t\t\t<div class=\"bdt-ep-product-carousel-image bdt-flex-inline\">\n\n\t\t\t\t<img loading=\"lazy\" decoding=\"async\" width=\"800\" height=\"600\" src=\"https:\/\/kivanccam.com.tr\/en\/wp-content\/uploads\/2025\/10\/kivanccam-projeler-img4.webp\" class=\"attachment-full size-full\" alt=\"KIVAN\u00c7 GLASS\" srcset=\"https:\/\/kivanccam.com.tr\/en\/wp-content\/uploads\/2025\/10\/kivanccam-projeler-img4.webp 800w, https:\/\/kivanccam.com.tr\/en\/wp-content\/uploads\/2025\/10\/kivanccam-projeler-img4-300x225.webp 300w, https:\/\/kivanccam.com.tr\/en\/wp-content\/uploads\/2025\/10\/kivanccam-projeler-img4-768x576.webp 768w\" sizes=\"(max-width: 800px) 100vw, 800px\" \/>\n\t\t\t\t\t\t\t<\/div>\n\t\t\t\t\t\t\t\t<div class=\"bdt-ep-product-carousel-content bdt-flex bdt-flex-column bdt-flex-between\">\n\t\t\t\t\t\t<div>\n\t\t\t\t\t\t\t<div class=\"bdt-ep-product-carousel-title-price bdt-flex bdt-flex-middle bdt-flex-between\">\n\t\t\t\t\t\t\t\t\t\t\t\t\t\t\t<h4 class=\"bdt-ep-product-carousel-title\">\n\t\t\t\t\tKIVAN\u00c7 GLASS\t\t\t\t\t\t\t\t\t<\/h4>\n\t\t\t\t\t\t\t\t\t\t\t\t\t\t\t\t\t\t\t\t\t<\/div>\n\t\t\t\t\t\t\t\t\t\t\t\t\t\t\t\t\t\t\t\t\t\t\t\t\t\t\t<div class=\"bdt-ep-product-carousel-readmore-wrap\">\n\t\t\t\t\t<a class=\"bdt-ep-product-carousel-readmore \" href=\"https:\/\/kivanccam.com.tr\/en\/contact\/\">\n\t\t\t\t\t\tContact\t\t\t\t\t\t\t\t\t\t\t<\/a>\n\t\t\t\t<\/div>\n\t\t\t\t\t\t\t\t\t\t\t\t<\/div>\n\t\t\t\t\t\t<div class=\"bdt-ep-product-carousel-rating-time bdt-flex bdt-flex-middle bdt-flex-between bdt-flex-wrap\">\n\t\t\t\t\t\t\t\t\t\t\t\t\t\t\t\t\t\t\t\t<\/div>\n\t\t\t\t\t<\/div>\n\t\t\t\t\t\t\t\t\t\t\t\n\t\t\t\t\t\n\t\t\t\t<\/div>\n\t\t\t\t\t\t\t<div class=\"bdt-ep-product-carousel-item swiper-slide bdt-flex bdt-flex-column\">\n\t\t\t\t\t\t\t\t<div class=\"bdt-ep-product-carousel-image bdt-flex-inline\">\n\n\t\t\t\t<img loading=\"lazy\" decoding=\"async\" width=\"800\" height=\"600\" src=\"https:\/\/kivanccam.com.tr\/en\/wp-content\/uploads\/2025\/10\/kivanccam-projeler-img5.webp\" class=\"attachment-full size-full\" alt=\"KIVAN\u00c7 GLASS\" srcset=\"https:\/\/kivanccam.com.tr\/en\/wp-content\/uploads\/2025\/10\/kivanccam-projeler-img5.webp 800w, https:\/\/kivanccam.com.tr\/en\/wp-content\/uploads\/2025\/10\/kivanccam-projeler-img5-300x225.webp 300w, https:\/\/kivanccam.com.tr\/en\/wp-content\/uploads\/2025\/10\/kivanccam-projeler-img5-768x576.webp 768w\" sizes=\"(max-width: 800px) 100vw, 800px\" \/>\n\t\t\t\t\t\t\t<\/div>\n\t\t\t\t\t\t\t\t<div class=\"bdt-ep-product-carousel-content bdt-flex bdt-flex-column bdt-flex-between\">\n\t\t\t\t\t\t<div>\n\t\t\t\t\t\t\t<div class=\"bdt-ep-product-carousel-title-price bdt-flex bdt-flex-middle bdt-flex-between\">\n\t\t\t\t\t\t\t\t\t\t\t\t\t\t\t<h4 class=\"bdt-ep-product-carousel-title\">\n\t\t\t\t\tKIVAN\u00c7 GLASS\t\t\t\t\t\t\t\t\t<\/h4>\n\t\t\t\t\t\t\t\t\t\t\t\t\t\t\t\t\t\t\t\t\t<\/div>\n\t\t\t\t\t\t\t\t\t\t\t\t\t\t\t\t\t\t\t\t\t\t\t\t\t\t\t<div class=\"bdt-ep-product-carousel-readmore-wrap\">\n\t\t\t\t\t<a class=\"bdt-ep-product-carousel-readmore \" href=\"https:\/\/kivanccam.com.tr\/en\/contact\/\">\n\t\t\t\t\t\tContact\t\t\t\t\t\t\t\t\t\t\t<\/a>\n\t\t\t\t<\/div>\n\t\t\t\t\t\t\t\t\t\t\t\t<\/div>\n\t\t\t\t\t\t<div class=\"bdt-ep-product-carousel-rating-time bdt-flex bdt-flex-middle bdt-flex-between bdt-flex-wrap\">\n\t\t\t\t\t\t\t\t\t\t\t\t\t\t\t\t\t\t\t\t<\/div>\n\t\t\t\t\t<\/div>\n\t\t\t\t\t\t\t\t\t\t\t\n\t\t\t\t\t\n\t\t\t\t<\/div>\n\t\t\t\t\t\t\t<div class=\"bdt-ep-product-carousel-item swiper-slide bdt-flex bdt-flex-column\">\n\t\t\t\t\t\t\t\t<div class=\"bdt-ep-product-carousel-image bdt-flex-inline\">\n\n\t\t\t\t<img loading=\"lazy\" decoding=\"async\" width=\"800\" height=\"600\" src=\"https:\/\/kivanccam.com.tr\/en\/wp-content\/uploads\/2025\/10\/kivanccam-projeler-img6.webp\" class=\"attachment-full size-full\" alt=\"KIVAN\u00c7 GLASS\" srcset=\"https:\/\/kivanccam.com.tr\/en\/wp-content\/uploads\/2025\/10\/kivanccam-projeler-img6.webp 800w, https:\/\/kivanccam.com.tr\/en\/wp-content\/uploads\/2025\/10\/kivanccam-projeler-img6-300x225.webp 300w, https:\/\/kivanccam.com.tr\/en\/wp-content\/uploads\/2025\/10\/kivanccam-projeler-img6-768x576.webp 768w\" sizes=\"(max-width: 800px) 100vw, 800px\" \/>\n\t\t\t\t\t\t\t<\/div>\n\t\t\t\t\t\t\t\t<div class=\"bdt-ep-product-carousel-content bdt-flex bdt-flex-column bdt-flex-between\">\n\t\t\t\t\t\t<div>\n\t\t\t\t\t\t\t<div class=\"bdt-ep-product-carousel-title-price bdt-flex bdt-flex-middle bdt-flex-between\">\n\t\t\t\t\t\t\t\t\t\t\t\t\t\t\t<h4 class=\"bdt-ep-product-carousel-title\">\n\t\t\t\t\tKIVAN\u00c7 GLASS\t\t\t\t\t\t\t\t\t<\/h4>\n\t\t\t\t\t\t\t\t\t\t\t\t\t\t\t\t\t\t\t\t\t<\/div>\n\t\t\t\t\t\t\t\t\t\t\t\t\t\t\t\t\t\t\t\t\t\t\t\t\t\t\t<div class=\"bdt-ep-product-carousel-readmore-wrap\">\n\t\t\t\t\t<a class=\"bdt-ep-product-carousel-readmore \" href=\"https:\/\/kivanccam.com.tr\/en\/contact\/\">\n\t\t\t\t\t\tContact\t\t\t\t\t\t\t\t\t\t\t<\/a>\n\t\t\t\t<\/div>\n\t\t\t\t\t\t\t\t\t\t\t\t<\/div>\n\t\t\t\t\t\t<div class=\"bdt-ep-product-carousel-rating-time bdt-flex bdt-flex-middle bdt-flex-between bdt-flex-wrap\">\n\t\t\t\t\t\t\t\t\t\t\t\t\t\t\t\t\t\t\t\t<\/div>\n\t\t\t\t\t<\/div>\n\t\t\t\t\t\t\t\t\t\t\t\n\t\t\t\t\t\n\t\t\t\t<\/div>\n\t\t\t\t\t<\/div>\n\t\t\t\t<\/div>\n\n\t\t\t\t\t\t\t\t\t\t\t<div class=\"bdt-position-z-index bdt-position-center bdt-visible@m\">\n\t\t\t\t<div class=\"bdt-arrows-container bdt-slidenav-container\">\n\t\t\t\t\t<div class=\"bdt-navigation-prev bdt-slidenav-previous bdt-icon bdt-slidenav\">\n\t\t\t\t\t\t<i class=\"ep-icon-arrow-left-circle-4\" aria-hidden=\"true\"><\/i>\n\t\t\t\t\t<\/div>\n\t\t\t\t\t<div class=\"bdt-navigation-next bdt-slidenav-next bdt-icon bdt-slidenav\">\n\t\t\t\t\t\t<i class=\"ep-icon-arrow-right-circle-4\" aria-hidden=\"true\"><\/i>\n\t\t\t\t\t<\/div>\n\t\t\t\t<\/div>\n\t\t\t<\/div>\n\t\t\t\t\n\t\t<\/div>\n\n\t\t\t\t<\/div>\n\t\t\t\t\t<\/div>\n\t\t<\/div>\n\t\t\t\t\t<\/div>\n\t\t<\/div>\n\t\t\t\t\t<\/div>\n\t\t<\/div>\n\t\t\t\t\t<\/div>\n\t\t<\/section>\n\t\t\t\t<\/div>\n\t\t","protected":false},"excerpt":{"rendered":"<p>Our Projects Home Our Projects \u272e\u22c6\u02d9 Trust in glass, quality in our work. \u272e\u22c6\u02d9 Durability and aesthetics combined. \u272e\u22c6\u02d9 Quality in glass, value for the future. \u272e\u22c6\u02d9 Every window is a reflection of trust. \u272e\u22c6\u02d9 Trust in glass, quality in solutions! KIVAN\u00c7 GLASS Contact KIVAN\u00c7 GLASS Contact KIVAN\u00c7 GLASS Contact KIVAN\u00c7 GLASS Contact KIVAN\u00c7 GLASS [&hellip;]<\/p>\n","protected":false},"author":1,"featured_media":0,"parent":0,"menu_order":0,"comment_status":"closed","ping_status":"closed","template":"elementor_header_footer","meta":{"footnotes":""},"class_list":["post-364","page","type-page","status-publish","hentry"],"_links":{"self":[{"href":"https:\/\/kivanccam.com.tr\/en\/wp-json\/wp\/v2\/pages\/364","targetHints":{"allow":["GET"]}}],"collection":[{"href":"https:\/\/kivanccam.com.tr\/en\/wp-json\/wp\/v2\/pages"}],"about":[{"href":"https:\/\/kivanccam.com.tr\/en\/wp-json\/wp\/v2\/types\/page"}],"author":[{"embeddable":true,"href":"https:\/\/kivanccam.com.tr\/en\/wp-json\/wp\/v2\/users\/1"}],"replies":[{"embeddable":true,"href":"https:\/\/kivanccam.com.tr\/en\/wp-json\/wp\/v2\/comments?post=364"}],"version-history":[{"count":17,"href":"https:\/\/kivanccam.com.tr\/en\/wp-json\/wp\/v2\/pages\/364\/revisions"}],"predecessor-version":[{"id":2480,"href":"https:\/\/kivanccam.com.tr\/en\/wp-json\/wp\/v2\/pages\/364\/revisions\/2480"}],"wp:attachment":[{"href":"https:\/\/kivanccam.com.tr\/en\/wp-json\/wp\/v2\/media?parent=364"}],"curies":[{"name":"wp","href":"https:\/\/api.w.org\/{rel}","templated":true}]}}